{"id":129,"date":"2023-07-16T14:00:23","date_gmt":"2023-07-16T12:00:23","guid":{"rendered":"https:\/\/etvoilafle.com\/?page_id=129"},"modified":"2023-08-01T09:38:03","modified_gmt":"2023-08-01T07:38:03","slug":"a-propos","status":"publish","type":"page","link":"https:\/\/etvoilafle.com\/index.php\/a-propos\/","title":{"rendered":"A propos"},"content":{"rendered":"\t\t<div data-elementor-type=\"wp-page\" data-elementor-id=\"129\" class=\"elementor elementor-129\" data-elementor-post-type=\"page\">\n\t\t\t\t<div class=\"elementor-element elementor-element-cb9a73b e-flex e-con-boxed e-con e-parent\" data-id=\"cb9a73b\" data-element_type=\"container\" data-e-type=\"container\">\n\t\t\t\t\t<div class=\"e-con-inner\">\n\t\t<div class=\"elementor-element elementor-element-b651a19 e-con-full e-flex e-con e-child\" data-id=\"b651a19\" data-element_type=\"container\" data-e-type=\"container\">\n\t\t\t\t<div class=\"elementor-element elementor-element-342b915 elementor-widget elementor-widget-image\" data-id=\"342b915\" data-element_type=\"widget\" data-e-type=\"widget\" data-widget_type=\"image.default\">\n\t\t\t\t<div class=\"elementor-widget-container\">\n\t\t\t\t\t\t\t\t\t\t\t\t\t\t\t<img fetchpriority=\"high\" decoding=\"async\" width=\"800\" height=\"800\" src=\"https:\/\/etvoilafle.com\/wp-content\/uploads\/2023\/08\/Design-sans-titre-1024x1024.png\" class=\"attachment-large size-large wp-image-193\" alt=\"\" srcset=\"https:\/\/etvoilafle.com\/wp-content\/uploads\/2023\/08\/Design-sans-titre-1024x1024.png 1024w, https:\/\/etvoilafle.com\/wp-content\/uploads\/2023\/08\/Design-sans-titre-300x300.png 300w, https:\/\/etvoilafle.com\/wp-content\/uploads\/2023\/08\/Design-sans-titre-150x150.png 150w, https:\/\/etvoilafle.com\/wp-content\/uploads\/2023\/08\/Design-sans-titre-768x768.png 768w, https:\/\/etvoilafle.com\/wp-content\/uploads\/2023\/08\/Design-sans-titre-1536x1536.png 1536w, https:\/\/etvoilafle.com\/wp-content\/uploads\/2023\/08\/Design-sans-titre.png 2048w\" sizes=\"(max-width: 800px) 100vw, 800px\" \/>\t\t\t\t\t\t\t\t\t\t\t\t\t\t\t<\/div>\n\t\t\t\t<\/div>\n\t\t\t\t<\/div>\n\t\t<div class=\"elementor-element elementor-element-881b23e e-con-full e-flex e-con e-child\" data-id=\"881b23e\" data-element_type=\"container\" data-e-type=\"container\">\n\t\t\t\t<div class=\"elementor-element elementor-element-18715e7 elementor-widget elementor-widget-heading\" data-id=\"18715e7\" data-element_type=\"widget\" data-e-type=\"widget\" data-widget_type=\"heading.default\">\n\t\t\t\t<div class=\"elementor-widget-container\">\n\t\t\t\t\t<h2 class=\"elementor-heading-title elementor-size-default\">Salut, je suis Emma ! <\/h2>\t\t\t\t<\/div>\n\t\t\t\t<\/div>\n\t\t\t\t<div class=\"elementor-element elementor-element-10806b5 elementor-widget elementor-widget-text-editor\" data-id=\"10806b5\" data-element_type=\"widget\" data-e-type=\"widget\" data-widget_type=\"text-editor.default\">\n\t\t\t\t<div class=\"elementor-widget-container\">\n\t\t\t\t\t\t\t\t\t<p>Je suis <b>fran\u00e7aise<\/b>, et j&rsquo;habite pr\u00e8s de <b>Paris<\/b>.&nbsp;<\/p>\n<p><span style=\"text-align: var(--text-align); font-size: 1rem;\">J&rsquo;ai donn\u00e9 <b>mon premier cours de fran\u00e7ais<\/b> en <b>2013<\/b>, et j&rsquo;ai <b>ador\u00e9 <\/b>! J&rsquo;ai continu\u00e9 \u00e0 travailler pour des <b>associations <\/b>et des <b>\u00e9coles<\/b>, et j&rsquo;ai pass\u00e9 mon <b>dipl\u00f4me <\/b>pour enseigner le fran\u00e7ais (<b>DAEFLE<\/b>) en <b>2017<\/b>.&nbsp;<\/span><\/p>\n<p><span style=\"text-align: var(--text-align); font-size: 1rem;\">Je donne des cours par <b>Internet<\/b>, \u00e0 <b>domicile<\/b>, en <b>centre de formation<\/b> et en <b>entreprise<\/b>. Je travaille avec <b>des enfants, des adolescents et des adultes<\/b> de <b>tous niveaux<\/b>, en <b>individuel <\/b>et en <b>groupe <\/b>!&nbsp;<\/span><\/p>\n<p>J&rsquo;adore <b>lire<\/b>, <b>voyager<\/b>, <b>tricoter<\/b>, boire du <b>th\u00e9<\/b>, faire du <b>sport <\/b>(surtout de la danse!), jouer \u00e0 des<b> jeux de soci\u00e9t\u00e9 ou vid\u00e9o<\/b> et <b>apprendre <\/b>de nouvelles choses. Je collectionne les<b> chaussettes \u00e0 rayures<\/b> et les <b>puzzles<\/b>.&nbsp;&nbsp;<\/p>\n<p><span style=\"text-align: var(--text-align); font-size: 1rem;\">Je parle <b>couramment anglais<\/b>, et <b>un peu allemand<\/b>. J&rsquo;aimerais apprendre <b>l&rsquo;italien <\/b>!&nbsp;<\/span><\/p>\t\t\t\t\t\t\t\t<\/div>\n\t\t\t\t<\/div>\n\t\t\t\t<\/div>\n\t\t\t\t\t<\/div>\n\t\t\t\t<\/div>\n\t\t<div class=\"elementor-element elementor-element-f93e1e5 e-flex e-con-boxed e-con e-parent\" data-id=\"f93e1e5\" data-element_type=\"container\" data-e-type=\"container\">\n\t\t\t\t\t<div class=\"e-con-inner\">\n\t\t<div class=\"elementor-element elementor-element-c78d8c9 e-con-full e-flex e-con e-child\" data-id=\"c78d8c9\" data-element_type=\"container\" data-e-type=\"container\">\n\t\t\t\t<div class=\"elementor-element elementor-element-bc0b258 elementor-widget elementor-widget-text-editor\" data-id=\"bc0b258\" data-element_type=\"widget\" data-e-type=\"widget\" data-widget_type=\"text-editor.default\">\n\t\t\t\t<div class=\"elementor-widget-container\">\n\t\t\t\t\t\t\t\t\t<p><strong>Je propose des cours :<br \/><\/strong><strong>\u2013 pour tous niveaux :\u00a0<\/strong>d\u00e9butant, interm\u00e9diaire ou confirm\u00e9 !<br \/><strong>\u2013 personnalis\u00e9s selon tes objectifs :\u00a0<\/strong>grammaire, conversation, \u00e9crit, TCF, DELF, DALF\u2026\u00a0<br \/><strong>\u2013 flexibles :\u00a0<\/strong>avec les cours en ligne, tu apprends o\u00f9 et quand tu veux, \u00e0 ton rythme !<\/p>\t\t\t\t\t\t\t\t<\/div>\n\t\t\t\t<\/div>\n\t\t\t\t<\/div>\n\t\t<div class=\"elementor-element elementor-element-93d1ef5 e-con-full e-flex e-con e-child\" data-id=\"93d1ef5\" data-element_type=\"container\" data-e-type=\"container\">\n\t\t\t\t<div class=\"elementor-element elementor-element-0591675 elementor-align-center elementor-widget elementor-widget-button\" data-id=\"0591675\" data-element_type=\"widget\" data-e-type=\"widget\" data-widget_type=\"button.default\">\n\t\t\t\t<div class=\"elementor-widget-container\">\n\t\t\t\t\t\t\t\t\t<div class=\"elementor-button-wrapper\">\n\t\t\t\t\t<a class=\"elementor-button elementor-button-link elementor-size-sm\" href=\"https:\/\/etvoilafle.com\/index.php\/cours-de-francais\/\">\n\t\t\t\t\t\t<span class=\"elementor-button-content-wrapper\">\n\t\t\t\t\t\t\t\t\t<span class=\"elementor-button-text\">Je r\u00e9serve mon cours d'essai ! <\/span>\n\t\t\t\t\t<\/span>\n\t\t\t\t\t<\/a>\n\t\t\t\t<\/div>\n\t\t\t\t\t\t\t\t<\/div>\n\t\t\t\t<\/div>\n\t\t\t\t<\/div>\n\t\t\t\t\t<\/div>\n\t\t\t\t<\/div>\n\t\t\t\t<\/div>\n\t\t","protected":false},"excerpt":{"rendered":"<p>Salut, je suis Emma ! Je suis fran\u00e7aise, et j&rsquo;habite pr\u00e8s de Paris.&nbsp; J&rsquo;ai donn\u00e9 mon premier cours de fran\u00e7ais en 2013, et j&rsquo;ai ador\u00e9 ! J&rsquo;ai continu\u00e9 \u00e0 travailler pour des associations et des \u00e9coles, et j&rsquo;ai pass\u00e9 mon dipl\u00f4me pour enseigner le fran\u00e7ais (DAEFLE) en 2017.&nbsp; Je donne des cours par Internet, \u00e0 [&hellip;]<\/p>\n","protected":false},"author":1,"featured_media":0,"parent":0,"menu_order":0,"comment_status":"closed","ping_status":"closed","template":"","meta":{"footnotes":""},"class_list":["post-129","page","type-page","status-publish","hentry"],"yoast_head":"<!-- This site is optimized with the Yoast SEO plugin v22.0 - https:\/\/yoast.com\/wordpress\/plugins\/seo\/ -->\n<title>A propos - Et voil\u00e0 !<\/title>\n<meta name=\"robots\" content=\"index, follow, max-snippet:-1, max-image-preview:large, max-video-preview:-1\" \/>\n<link rel=\"canonical\" href=\"https:\/\/etvoilafle.com\/index.php\/a-propos\/\" \/>\n<meta property=\"og:locale\" content=\"fr_FR\" \/>\n<meta property=\"og:type\" content=\"article\" \/>\n<meta property=\"og:title\" content=\"A propos - Et voil\u00e0 !\" \/>\n<meta property=\"og:description\" content=\"Salut, je suis Emma ! Je suis fran\u00e7aise, et j&rsquo;habite pr\u00e8s de Paris.&nbsp; J&rsquo;ai donn\u00e9 mon premier cours de fran\u00e7ais en 2013, et j&rsquo;ai ador\u00e9 ! J&rsquo;ai continu\u00e9 \u00e0 travailler pour des associations et des \u00e9coles, et j&rsquo;ai pass\u00e9 mon dipl\u00f4me pour enseigner le fran\u00e7ais (DAEFLE) en 2017.&nbsp; Je donne des cours par Internet, \u00e0 [&hellip;]\" \/>\n<meta property=\"og:url\" content=\"https:\/\/etvoilafle.com\/index.php\/a-propos\/\" \/>\n<meta property=\"og:site_name\" content=\"Et voil\u00e0 !\" \/>\n<meta property=\"article:modified_time\" content=\"2023-08-01T07:38:03+00:00\" \/>\n<meta property=\"og:image\" content=\"https:\/\/etvoilafle.com\/wp-content\/uploads\/2023\/08\/Design-sans-titre-1024x1024.png\" \/>\n<meta name=\"twitter:card\" content=\"summary_large_image\" \/>\n<meta name=\"twitter:label1\" content=\"Dur\u00e9e de lecture estim\u00e9e\" \/>\n\t<meta name=\"twitter:data1\" content=\"1 minute\" \/>\n<script type=\"application\/ld+json\" class=\"yoast-schema-graph\">{\"@context\":\"https:\/\/schema.org\",\"@graph\":[{\"@type\":\"WebPage\",\"@id\":\"https:\/\/etvoilafle.com\/index.php\/a-propos\/\",\"url\":\"https:\/\/etvoilafle.com\/index.php\/a-propos\/\",\"name\":\"A propos - Et voil\u00e0 !\",\"isPartOf\":{\"@id\":\"https:\/\/etvoilafle.com\/#website\"},\"datePublished\":\"2023-07-16T12:00:23+00:00\",\"dateModified\":\"2023-08-01T07:38:03+00:00\",\"breadcrumb\":{\"@id\":\"https:\/\/etvoilafle.com\/index.php\/a-propos\/#breadcrumb\"},\"inLanguage\":\"fr-FR\",\"potentialAction\":[{\"@type\":\"ReadAction\",\"target\":[\"https:\/\/etvoilafle.com\/index.php\/a-propos\/\"]}]},{\"@type\":\"BreadcrumbList\",\"@id\":\"https:\/\/etvoilafle.com\/index.php\/a-propos\/#breadcrumb\",\"itemListElement\":[{\"@type\":\"ListItem\",\"position\":1,\"name\":\"Accueil\",\"item\":\"https:\/\/etvoilafle.com\/\"},{\"@type\":\"ListItem\",\"position\":2,\"name\":\"A propos\"}]},{\"@type\":\"WebSite\",\"@id\":\"https:\/\/etvoilafle.com\/#website\",\"url\":\"https:\/\/etvoilafle.com\/\",\"name\":\"Et voil\u00e0 !\",\"description\":\"Le fran\u00e7ais facile et fun !\",\"publisher\":{\"@id\":\"https:\/\/etvoilafle.com\/#organization\"},\"potentialAction\":[{\"@type\":\"SearchAction\",\"target\":{\"@type\":\"EntryPoint\",\"urlTemplate\":\"https:\/\/etvoilafle.com\/?s={search_term_string}\"},\"query-input\":\"required name=search_term_string\"}],\"inLanguage\":\"fr-FR\"},{\"@type\":\"Organization\",\"@id\":\"https:\/\/etvoilafle.com\/#organization\",\"name\":\"Et voil\u00e0 !\",\"url\":\"https:\/\/etvoilafle.com\/\",\"logo\":{\"@type\":\"ImageObject\",\"inLanguage\":\"fr-FR\",\"@id\":\"https:\/\/etvoilafle.com\/#\/schema\/logo\/image\/\",\"url\":\"https:\/\/etvoilafle.com\/wp-content\/uploads\/2024\/08\/cropped-Logo-Rond-TPT.png\",\"contentUrl\":\"https:\/\/etvoilafle.com\/wp-content\/uploads\/2024\/08\/cropped-Logo-Rond-TPT.png\",\"width\":512,\"height\":512,\"caption\":\"Et voil\u00e0 !\"},\"image\":{\"@id\":\"https:\/\/etvoilafle.com\/#\/schema\/logo\/image\/\"},\"sameAs\":[\"https:\/\/www.instagram.com\/etvoila.fle\/\"]}]}<\/script>\n<!-- \/ Yoast SEO plugin. -->","yoast_head_json":{"title":"A propos - Et voil\u00e0 !","robots":{"index":"index","follow":"follow","max-snippet":"max-snippet:-1","max-image-preview":"max-image-preview:large","max-video-preview":"max-video-preview:-1"},"canonical":"https:\/\/etvoilafle.com\/index.php\/a-propos\/","og_locale":"fr_FR","og_type":"article","og_title":"A propos - Et voil\u00e0 !","og_description":"Salut, je suis Emma ! Je suis fran\u00e7aise, et j&rsquo;habite pr\u00e8s de Paris.&nbsp; J&rsquo;ai donn\u00e9 mon premier cours de fran\u00e7ais en 2013, et j&rsquo;ai ador\u00e9 ! J&rsquo;ai continu\u00e9 \u00e0 travailler pour des associations et des \u00e9coles, et j&rsquo;ai pass\u00e9 mon dipl\u00f4me pour enseigner le fran\u00e7ais (DAEFLE) en 2017.&nbsp; Je donne des cours par Internet, \u00e0 [&hellip;]","og_url":"https:\/\/etvoilafle.com\/index.php\/a-propos\/","og_site_name":"Et voil\u00e0 !","article_modified_time":"2023-08-01T07:38:03+00:00","og_image":[{"url":"https:\/\/etvoilafle.com\/wp-content\/uploads\/2023\/08\/Design-sans-titre-1024x1024.png"}],"twitter_card":"summary_large_image","twitter_misc":{"Dur\u00e9e de lecture estim\u00e9e":"1 minute"},"schema":{"@context":"https:\/\/schema.org","@graph":[{"@type":"WebPage","@id":"https:\/\/etvoilafle.com\/index.php\/a-propos\/","url":"https:\/\/etvoilafle.com\/index.php\/a-propos\/","name":"A propos - Et voil\u00e0 !","isPartOf":{"@id":"https:\/\/etvoilafle.com\/#website"},"datePublished":"2023-07-16T12:00:23+00:00","dateModified":"2023-08-01T07:38:03+00:00","breadcrumb":{"@id":"https:\/\/etvoilafle.com\/index.php\/a-propos\/#breadcrumb"},"inLanguage":"fr-FR","potentialAction":[{"@type":"ReadAction","target":["https:\/\/etvoilafle.com\/index.php\/a-propos\/"]}]},{"@type":"BreadcrumbList","@id":"https:\/\/etvoilafle.com\/index.php\/a-propos\/#breadcrumb","itemListElement":[{"@type":"ListItem","position":1,"name":"Accueil","item":"https:\/\/etvoilafle.com\/"},{"@type":"ListItem","position":2,"name":"A propos"}]},{"@type":"WebSite","@id":"https:\/\/etvoilafle.com\/#website","url":"https:\/\/etvoilafle.com\/","name":"Et voil\u00e0 !","description":"Le fran\u00e7ais facile et fun !","publisher":{"@id":"https:\/\/etvoilafle.com\/#organization"},"potentialAction":[{"@type":"SearchAction","target":{"@type":"EntryPoint","urlTemplate":"https:\/\/etvoilafle.com\/?s={search_term_string}"},"query-input":"required name=search_term_string"}],"inLanguage":"fr-FR"},{"@type":"Organization","@id":"https:\/\/etvoilafle.com\/#organization","name":"Et voil\u00e0 !","url":"https:\/\/etvoilafle.com\/","logo":{"@type":"ImageObject","inLanguage":"fr-FR","@id":"https:\/\/etvoilafle.com\/#\/schema\/logo\/image\/","url":"https:\/\/etvoilafle.com\/wp-content\/uploads\/2024\/08\/cropped-Logo-Rond-TPT.png","contentUrl":"https:\/\/etvoilafle.com\/wp-content\/uploads\/2024\/08\/cropped-Logo-Rond-TPT.png","width":512,"height":512,"caption":"Et voil\u00e0 !"},"image":{"@id":"https:\/\/etvoilafle.com\/#\/schema\/logo\/image\/"},"sameAs":["https:\/\/www.instagram.com\/etvoila.fle\/"]}]}},"jetpack_sharing_enabled":true,"_links":{"self":[{"href":"https:\/\/etvoilafle.com\/index.php\/wp-json\/wp\/v2\/pages\/129","targetHints":{"allow":["GET"]}}],"collection":[{"href":"https:\/\/etvoilafle.com\/index.php\/wp-json\/wp\/v2\/pages"}],"about":[{"href":"https:\/\/etvoilafle.com\/index.php\/wp-json\/wp\/v2\/types\/page"}],"author":[{"embeddable":true,"href":"https:\/\/etvoilafle.com\/index.php\/wp-json\/wp\/v2\/users\/1"}],"replies":[{"embeddable":true,"href":"https:\/\/etvoilafle.com\/index.php\/wp-json\/wp\/v2\/comments?post=129"}],"version-history":[{"count":16,"href":"https:\/\/etvoilafle.com\/index.php\/wp-json\/wp\/v2\/pages\/129\/revisions"}],"predecessor-version":[{"id":229,"href":"https:\/\/etvoilafle.com\/index.php\/wp-json\/wp\/v2\/pages\/129\/revisions\/229"}],"wp:attachment":[{"href":"https:\/\/etvoilafle.com\/index.php\/wp-json\/wp\/v2\/media?parent=129"}],"curies":[{"name":"wp","href":"https:\/\/api.w.org\/{rel}","templated":true}]}}