{"id":131,"date":"2023-07-16T14:00:45","date_gmt":"2023-07-16T12:00:45","guid":{"rendered":"https:\/\/etvoilafle.com\/?page_id=131"},"modified":"2025-02-20T17:03:24","modified_gmt":"2025-02-20T16:03:24","slug":"cours-de-francais","status":"publish","type":"page","link":"https:\/\/etvoilafle.com\/index.php\/cours-de-francais\/","title":{"rendered":"Cours de fran\u00e7ais"},"content":{"rendered":"\t\t<div data-elementor-type=\"wp-page\" data-elementor-id=\"131\" class=\"elementor elementor-131\" data-elementor-post-type=\"page\">\n\t\t\t\t<div class=\"elementor-element elementor-element-e269711 e-flex e-con-boxed e-con e-parent\" data-id=\"e269711\" data-element_type=\"container\" data-e-type=\"container\">\n\t\t\t\t\t<div class=\"e-con-inner\">\n\t\t<div class=\"elementor-element elementor-element-d11ff08 e-con-full e-flex e-con e-child\" data-id=\"d11ff08\" data-element_type=\"container\" data-e-type=\"container\">\n\t\t\t\t<div class=\"elementor-element elementor-element-fd8b7fb elementor-widget elementor-widget-heading\" data-id=\"fd8b7fb\" data-element_type=\"widget\" data-e-type=\"widget\" data-widget_type=\"heading.default\">\n\t\t\t\t<div class=\"elementor-widget-container\">\n\t\t\t\t\t<h2 class=\"elementor-heading-title elementor-size-default\">R\u00e9serve ton cours d'essai ! \nBook your trial class ! <\/h2>\t\t\t\t<\/div>\n\t\t\t\t<\/div>\n\t\t\t\t<div class=\"elementor-element elementor-element-5006077 elementor-widget elementor-widget-text-editor\" data-id=\"5006077\" data-element_type=\"widget\" data-e-type=\"widget\" data-widget_type=\"text-editor.default\">\n\t\t\t\t<div class=\"elementor-widget-container\">\n\t\t\t\t\t\t\t\t\t<p>Tu as envie d&rsquo;essayer un cours de fran\u00e7ais ? <em>You&rsquo;ld like to try a French class?\u00a0<\/em><\/p><p>R\u00e9serve <b>un cours d&rsquo;essai<\/b> ! Il dure <b>45 minutes<\/b> et il est <strong>gratuit<\/strong>. <em>Book your trial lesson ! It lasts 45 minutes and it&rsquo;s free !\u00a0<\/em><\/p><p>Au moment de <b>r\u00e9server<\/b>, dis-moi ton <b>objectif <\/b>et ton <b>niveau actuel de fran\u00e7ais (les d\u00e9butants complets sont les bienvenus!).<\/b>\u00a0<em>When you book, please let me know about your goal for your French classes and your current French level (complete beginners welcome!)<\/em><\/p>\t\t\t\t\t\t\t\t<\/div>\n\t\t\t\t<\/div>\n\t\t\t\t<div class=\"elementor-element elementor-element-f711726 elementor-align-center elementor-widget elementor-widget-button\" data-id=\"f711726\" data-element_type=\"widget\" data-e-type=\"widget\" data-widget_type=\"button.default\">\n\t\t\t\t<div class=\"elementor-widget-container\">\n\t\t\t\t\t\t\t\t\t<div class=\"elementor-button-wrapper\">\n\t\t\t\t\t<a class=\"elementor-button elementor-button-link elementor-size-sm\" href=\"https:\/\/calendly.com\/etvoilafle\/cours-d-essai-trial-class\">\n\t\t\t\t\t\t<span class=\"elementor-button-content-wrapper\">\n\t\t\t\t\t\t\t\t\t<span class=\"elementor-button-text\">Je r\u00e9serve mon cours d'essai ! I want to book a trial class ! <\/span>\n\t\t\t\t\t<\/span>\n\t\t\t\t\t<\/a>\n\t\t\t\t<\/div>\n\t\t\t\t\t\t\t\t<\/div>\n\t\t\t\t<\/div>\n\t\t\t\t<\/div>\n\t\t<div class=\"elementor-element elementor-element-dfbaddd e-con-full e-flex e-con e-child\" data-id=\"dfbaddd\" data-element_type=\"container\" data-e-type=\"container\">\n\t\t\t\t<\/div>\n\t\t\t\t\t<\/div>\n\t\t\t\t<\/div>\n\t\t<div class=\"elementor-element elementor-element-15629cc e-flex e-con-boxed e-con e-parent\" data-id=\"15629cc\" data-element_type=\"container\" data-e-type=\"container\">\n\t\t\t\t\t<div class=\"e-con-inner\">\n\t\t\t\t<div class=\"elementor-element elementor-element-f6a25de elementor-widget elementor-widget-spacer\" data-id=\"f6a25de\" data-element_type=\"widget\" data-e-type=\"widget\" data-widget_type=\"spacer.default\">\n\t\t\t\t<div class=\"elementor-widget-container\">\n\t\t\t\t\t\t\t<div class=\"elementor-spacer\">\n\t\t\t<div class=\"elementor-spacer-inner\"><\/div>\n\t\t<\/div>\n\t\t\t\t\t\t<\/div>\n\t\t\t\t<\/div>\n\t\t\t\t\t<\/div>\n\t\t\t\t<\/div>\n\t\t<div class=\"elementor-element elementor-element-2aa9a39 e-flex e-con-boxed e-con e-parent\" data-id=\"2aa9a39\" data-element_type=\"container\" data-e-type=\"container\">\n\t\t\t\t\t<div class=\"e-con-inner\">\n\t\t<div class=\"elementor-element elementor-element-bd8e875 e-con-full e-flex e-con e-child\" data-id=\"bd8e875\" data-element_type=\"container\" data-e-type=\"container\">\n\t\t\t\t<div class=\"elementor-element elementor-element-8c84bbd elementor-widget elementor-widget-heading\" data-id=\"8c84bbd\" data-element_type=\"widget\" data-e-type=\"widget\" data-widget_type=\"heading.default\">\n\t\t\t\t<div class=\"elementor-widget-container\">\n\t\t\t\t\t<h2 class=\"elementor-heading-title elementor-size-default\">Tarifs \/ Rates<\/h2>\t\t\t\t<\/div>\n\t\t\t\t<\/div>\n\t\t\t\t<div class=\"elementor-element elementor-element-a869375 elementor-widget elementor-widget-price-list\" data-id=\"a869375\" data-element_type=\"widget\" data-e-type=\"widget\" data-widget_type=\"price-list.default\">\n\t\t\t\t<div class=\"elementor-widget-container\">\n\t\t\t\t\t\n\t\t<ul class=\"elementor-price-list\">\n\n\t\t\t\t\t\t\t\t\t<li><a class=\"elementor-price-list-item\" href=\"#\">\t\t\t\t\n\t\t\t\t<div class=\"elementor-price-list-text\">\n\t\t\t\t\t\t\t\t\t<div class=\"elementor-price-list-header\">\n\t\t\t\t\t\t\t\t\t\t\t<span class=\"elementor-price-list-title\">\n\t\t\t\t\t\t\t1 heure de cours particulier \/ 1 hour individual French class \t\t\t\t\t\t<\/span>\n\t\t\t\t\t\t\t\t\t\t\t\t\t\t\t\t\t\t<span class=\"elementor-price-list-separator\"><\/span>\n\t\t\t\t\t\t\t\t\t\t\t\t\t\t\t\t\t\t\t<span class=\"elementor-price-list-price\">35\u20ac<\/span>\n\t\t\t\t\t\t\t\t\t\t<\/div>\n\t\t\t\t\t\t\t\t\t\t\t\t<\/div>\n\t\t\t\t<\/a><\/li>\t\t\t\t\t\n\t\t<\/ul>\n\n\t\t\t\t\t\t<\/div>\n\t\t\t\t<\/div>\n\t\t\t\t<div class=\"elementor-element elementor-element-f32cf34 elementor-widget elementor-widget-text-editor\" data-id=\"f32cf34\" data-element_type=\"widget\" data-e-type=\"widget\" data-widget_type=\"text-editor.default\">\n\t\t\t\t<div class=\"elementor-widget-container\">\n\t\t\t\t\t\t\t\t\t<p>Paiement par <b>virement bancaire<\/b> ou <b>Paypal.\u00a0<br \/><\/b><em>Payment via bank transfer or Paypal.<\/em><\/p>\t\t\t\t\t\t\t\t<\/div>\n\t\t\t\t<\/div>\n\t\t\t\t<\/div>\n\t\t<div class=\"elementor-element elementor-element-3aa8bc2 e-con-full e-flex e-con e-child\" data-id=\"3aa8bc2\" data-element_type=\"container\" data-e-type=\"container\">\n\t\t\t\t<div class=\"elementor-element elementor-element-77d0da1 elementor-widget elementor-widget-text-editor\" data-id=\"77d0da1\" data-element_type=\"widget\" data-e-type=\"widget\" data-widget_type=\"text-editor.default\">\n\t\t\t\t<div class=\"elementor-widget-container\">\n\t\t\t\t\t\t\t\t\t<p>Tu veux <strong>progresser en fran\u00e7ais<\/strong> ou te pr\u00e9parer pour un <strong>examen<\/strong>? <em>You&rsquo;ld like to gain fluency in French or prepare for an exam?&nbsp;<\/em><\/p><p>Avec les cours en visio tu programmes tes heures de cours \u00e0 ton rythme selon ton emploi du temps ! <i>With online classes, you can schedule your classes at your own rythm, according to your availability.<\/i>&nbsp;<\/p>\n<p><\/p>\n<p><em style=\"text-align: var(--text-align); font-size: 1rem;\">&nbsp;<\/em><\/p>\t\t\t\t\t\t\t\t<\/div>\n\t\t\t\t<\/div>\n\t\t\t\t<\/div>\n\t\t\t\t\t<\/div>\n\t\t\t\t<\/div>\n\t\t\t\t<\/div>\n\t\t","protected":false},"excerpt":{"rendered":"<p>R\u00e9serve ton cours d&rsquo;essai ! Book your trial class ! Tu as envie d&rsquo;essayer un cours de fran\u00e7ais ? You&rsquo;ld like to try a French class?\u00a0 R\u00e9serve un cours d&rsquo;essai ! Il dure 45 minutes et il est gratuit. Book your trial lesson ! It lasts 45 minutes and it&rsquo;s free !\u00a0 Au moment de [&hellip;]<\/p>\n","protected":false},"author":1,"featured_media":0,"parent":0,"menu_order":0,"comment_status":"closed","ping_status":"closed","template":"","meta":{"footnotes":""},"class_list":["post-131","page","type-page","status-publish","hentry"],"yoast_head":"<!-- This site is optimized with the Yoast SEO plugin v22.0 - https:\/\/yoast.com\/wordpress\/plugins\/seo\/ -->\n<title>Cours de fran\u00e7ais - Et voil\u00e0 !<\/title>\n<meta name=\"robots\" content=\"index, follow, max-snippet:-1, max-image-preview:large, max-video-preview:-1\" \/>\n<link rel=\"canonical\" href=\"https:\/\/etvoilafle.com\/index.php\/cours-de-francais\/\" \/>\n<meta property=\"og:locale\" content=\"fr_FR\" \/>\n<meta property=\"og:type\" content=\"article\" \/>\n<meta property=\"og:title\" content=\"Cours de fran\u00e7ais - Et voil\u00e0 !\" \/>\n<meta property=\"og:description\" content=\"R\u00e9serve ton cours d&rsquo;essai ! Book your trial class ! Tu as envie d&rsquo;essayer un cours de fran\u00e7ais ? You&rsquo;ld like to try a French class?\u00a0 R\u00e9serve un cours d&rsquo;essai ! Il dure 45 minutes et il est gratuit. Book your trial lesson ! It lasts 45 minutes and it&rsquo;s free !\u00a0 Au moment de [&hellip;]\" \/>\n<meta property=\"og:url\" content=\"https:\/\/etvoilafle.com\/index.php\/cours-de-francais\/\" \/>\n<meta property=\"og:site_name\" content=\"Et voil\u00e0 !\" \/>\n<meta property=\"article:modified_time\" content=\"2025-02-20T16:03:24+00:00\" \/>\n<meta name=\"twitter:card\" content=\"summary_large_image\" \/>\n<meta name=\"twitter:label1\" content=\"Dur\u00e9e de lecture estim\u00e9e\" \/>\n\t<meta name=\"twitter:data1\" content=\"1 minute\" \/>\n<script type=\"application\/ld+json\" class=\"yoast-schema-graph\">{\"@context\":\"https:\/\/schema.org\",\"@graph\":[{\"@type\":\"WebPage\",\"@id\":\"https:\/\/etvoilafle.com\/index.php\/cours-de-francais\/\",\"url\":\"https:\/\/etvoilafle.com\/index.php\/cours-de-francais\/\",\"name\":\"Cours de fran\u00e7ais - Et voil\u00e0 !\",\"isPartOf\":{\"@id\":\"https:\/\/etvoilafle.com\/#website\"},\"datePublished\":\"2023-07-16T12:00:45+00:00\",\"dateModified\":\"2025-02-20T16:03:24+00:00\",\"breadcrumb\":{\"@id\":\"https:\/\/etvoilafle.com\/index.php\/cours-de-francais\/#breadcrumb\"},\"inLanguage\":\"fr-FR\",\"potentialAction\":[{\"@type\":\"ReadAction\",\"target\":[\"https:\/\/etvoilafle.com\/index.php\/cours-de-francais\/\"]}]},{\"@type\":\"BreadcrumbList\",\"@id\":\"https:\/\/etvoilafle.com\/index.php\/cours-de-francais\/#breadcrumb\",\"itemListElement\":[{\"@type\":\"ListItem\",\"position\":1,\"name\":\"Accueil\",\"item\":\"https:\/\/etvoilafle.com\/\"},{\"@type\":\"ListItem\",\"position\":2,\"name\":\"Cours de fran\u00e7ais\"}]},{\"@type\":\"WebSite\",\"@id\":\"https:\/\/etvoilafle.com\/#website\",\"url\":\"https:\/\/etvoilafle.com\/\",\"name\":\"Et voil\u00e0 !\",\"description\":\"Le fran\u00e7ais facile et fun !\",\"publisher\":{\"@id\":\"https:\/\/etvoilafle.com\/#organization\"},\"potentialAction\":[{\"@type\":\"SearchAction\",\"target\":{\"@type\":\"EntryPoint\",\"urlTemplate\":\"https:\/\/etvoilafle.com\/?s={search_term_string}\"},\"query-input\":\"required name=search_term_string\"}],\"inLanguage\":\"fr-FR\"},{\"@type\":\"Organization\",\"@id\":\"https:\/\/etvoilafle.com\/#organization\",\"name\":\"Et voil\u00e0 !\",\"url\":\"https:\/\/etvoilafle.com\/\",\"logo\":{\"@type\":\"ImageObject\",\"inLanguage\":\"fr-FR\",\"@id\":\"https:\/\/etvoilafle.com\/#\/schema\/logo\/image\/\",\"url\":\"https:\/\/etvoilafle.com\/wp-content\/uploads\/2024\/08\/cropped-Logo-Rond-TPT.png\",\"contentUrl\":\"https:\/\/etvoilafle.com\/wp-content\/uploads\/2024\/08\/cropped-Logo-Rond-TPT.png\",\"width\":512,\"height\":512,\"caption\":\"Et voil\u00e0 !\"},\"image\":{\"@id\":\"https:\/\/etvoilafle.com\/#\/schema\/logo\/image\/\"},\"sameAs\":[\"https:\/\/www.instagram.com\/etvoila.fle\/\"]}]}<\/script>\n<!-- \/ Yoast SEO plugin. -->","yoast_head_json":{"title":"Cours de fran\u00e7ais - Et voil\u00e0 !","robots":{"index":"index","follow":"follow","max-snippet":"max-snippet:-1","max-image-preview":"max-image-preview:large","max-video-preview":"max-video-preview:-1"},"canonical":"https:\/\/etvoilafle.com\/index.php\/cours-de-francais\/","og_locale":"fr_FR","og_type":"article","og_title":"Cours de fran\u00e7ais - Et voil\u00e0 !","og_description":"R\u00e9serve ton cours d&rsquo;essai ! Book your trial class ! Tu as envie d&rsquo;essayer un cours de fran\u00e7ais ? You&rsquo;ld like to try a French class?\u00a0 R\u00e9serve un cours d&rsquo;essai ! Il dure 45 minutes et il est gratuit. Book your trial lesson ! It lasts 45 minutes and it&rsquo;s free !\u00a0 Au moment de [&hellip;]","og_url":"https:\/\/etvoilafle.com\/index.php\/cours-de-francais\/","og_site_name":"Et voil\u00e0 !","article_modified_time":"2025-02-20T16:03:24+00:00","twitter_card":"summary_large_image","twitter_misc":{"Dur\u00e9e de lecture estim\u00e9e":"1 minute"},"schema":{"@context":"https:\/\/schema.org","@graph":[{"@type":"WebPage","@id":"https:\/\/etvoilafle.com\/index.php\/cours-de-francais\/","url":"https:\/\/etvoilafle.com\/index.php\/cours-de-francais\/","name":"Cours de fran\u00e7ais - Et voil\u00e0 !","isPartOf":{"@id":"https:\/\/etvoilafle.com\/#website"},"datePublished":"2023-07-16T12:00:45+00:00","dateModified":"2025-02-20T16:03:24+00:00","breadcrumb":{"@id":"https:\/\/etvoilafle.com\/index.php\/cours-de-francais\/#breadcrumb"},"inLanguage":"fr-FR","potentialAction":[{"@type":"ReadAction","target":["https:\/\/etvoilafle.com\/index.php\/cours-de-francais\/"]}]},{"@type":"BreadcrumbList","@id":"https:\/\/etvoilafle.com\/index.php\/cours-de-francais\/#breadcrumb","itemListElement":[{"@type":"ListItem","position":1,"name":"Accueil","item":"https:\/\/etvoilafle.com\/"},{"@type":"ListItem","position":2,"name":"Cours de fran\u00e7ais"}]},{"@type":"WebSite","@id":"https:\/\/etvoilafle.com\/#website","url":"https:\/\/etvoilafle.com\/","name":"Et voil\u00e0 !","description":"Le fran\u00e7ais facile et fun !","publisher":{"@id":"https:\/\/etvoilafle.com\/#organization"},"potentialAction":[{"@type":"SearchAction","target":{"@type":"EntryPoint","urlTemplate":"https:\/\/etvoilafle.com\/?s={search_term_string}"},"query-input":"required name=search_term_string"}],"inLanguage":"fr-FR"},{"@type":"Organization","@id":"https:\/\/etvoilafle.com\/#organization","name":"Et voil\u00e0 !","url":"https:\/\/etvoilafle.com\/","logo":{"@type":"ImageObject","inLanguage":"fr-FR","@id":"https:\/\/etvoilafle.com\/#\/schema\/logo\/image\/","url":"https:\/\/etvoilafle.com\/wp-content\/uploads\/2024\/08\/cropped-Logo-Rond-TPT.png","contentUrl":"https:\/\/etvoilafle.com\/wp-content\/uploads\/2024\/08\/cropped-Logo-Rond-TPT.png","width":512,"height":512,"caption":"Et voil\u00e0 !"},"image":{"@id":"https:\/\/etvoilafle.com\/#\/schema\/logo\/image\/"},"sameAs":["https:\/\/www.instagram.com\/etvoila.fle\/"]}]}},"jetpack_sharing_enabled":true,"_links":{"self":[{"href":"https:\/\/etvoilafle.com\/index.php\/wp-json\/wp\/v2\/pages\/131","targetHints":{"allow":["GET"]}}],"collection":[{"href":"https:\/\/etvoilafle.com\/index.php\/wp-json\/wp\/v2\/pages"}],"about":[{"href":"https:\/\/etvoilafle.com\/index.php\/wp-json\/wp\/v2\/types\/page"}],"author":[{"embeddable":true,"href":"https:\/\/etvoilafle.com\/index.php\/wp-json\/wp\/v2\/users\/1"}],"replies":[{"embeddable":true,"href":"https:\/\/etvoilafle.com\/index.php\/wp-json\/wp\/v2\/comments?post=131"}],"version-history":[{"count":38,"href":"https:\/\/etvoilafle.com\/index.php\/wp-json\/wp\/v2\/pages\/131\/revisions"}],"predecessor-version":[{"id":418,"href":"https:\/\/etvoilafle.com\/index.php\/wp-json\/wp\/v2\/pages\/131\/revisions\/418"}],"wp:attachment":[{"href":"https:\/\/etvoilafle.com\/index.php\/wp-json\/wp\/v2\/media?parent=131"}],"curies":[{"name":"wp","href":"https:\/\/api.w.org\/{rel}","templated":true}]}}