{"id":133,"date":"2023-07-16T14:00:56","date_gmt":"2023-07-16T12:00:56","guid":{"rendered":"https:\/\/etvoilafle.com\/?page_id=133"},"modified":"2024-02-09T08:18:34","modified_gmt":"2024-02-09T07:18:34","slug":"blog","status":"publish","type":"page","link":"https:\/\/etvoilafle.com\/index.php\/blog\/","title":{"rendered":"Blog"},"content":{"rendered":"\t\t<div data-elementor-type=\"wp-page\" data-elementor-id=\"133\" class=\"elementor elementor-133\" data-elementor-post-type=\"page\">\n\t\t\t\t<div class=\"elementor-element elementor-element-ed37969 e-flex e-con-boxed e-con e-parent\" data-id=\"ed37969\" data-element_type=\"container\" data-e-type=\"container\">\n\t\t\t\t\t<div class=\"e-con-inner\">\n\t\t\t\t<div class=\"elementor-element elementor-element-31d82e5 elementor-grid-1 elementor-posts--thumbnail-left elementor-posts--align-left elementor-grid-tablet-2 elementor-grid-mobile-1 elementor-widget elementor-widget-posts\" data-id=\"31d82e5\" data-element_type=\"widget\" data-e-type=\"widget\" data-settings=\"{&quot;classic_columns&quot;:&quot;1&quot;,&quot;classic_columns_tablet&quot;:&quot;2&quot;,&quot;classic_columns_mobile&quot;:&quot;1&quot;,&quot;classic_row_gap&quot;:{&quot;unit&quot;:&quot;px&quot;,&quot;size&quot;:35,&quot;sizes&quot;:[]},&quot;classic_row_gap_tablet&quot;:{&quot;unit&quot;:&quot;px&quot;,&quot;size&quot;:&quot;&quot;,&quot;sizes&quot;:[]},&quot;classic_row_gap_mobile&quot;:{&quot;unit&quot;:&quot;px&quot;,&quot;size&quot;:&quot;&quot;,&quot;sizes&quot;:[]}}\" data-widget_type=\"posts.classic\">\n\t\t\t\t<div class=\"elementor-widget-container\">\n\t\t\t\t\t\t\t<div class=\"elementor-posts-container elementor-posts elementor-posts--skin-classic elementor-grid\">\n\t\t\t\t<article class=\"elementor-post elementor-grid-item post-388 post type-post status-publish format-standard has-post-thumbnail hentry category-vocabulaire tag-expressions-idiomatiques tag-maladie tag-medecin tag-sante tag-vocabulaire\">\n\t\t\t\t<a class=\"elementor-post__thumbnail__link\" href=\"https:\/\/etvoilafle.com\/index.php\/2024\/02\/26\/vocabulaire-je-suis-malade-i-am-sick\/\" >\n\t\t\t<div class=\"elementor-post__thumbnail\"><img fetchpriority=\"high\" decoding=\"async\" width=\"768\" height=\"768\" src=\"https:\/\/etvoilafle.com\/wp-content\/uploads\/2024\/02\/Image-article-blog-1-1-768x768.png\" class=\"attachment-medium_large size-medium_large wp-image-391\" alt=\"Vocabulaire je suis malade\" srcset=\"https:\/\/etvoilafle.com\/wp-content\/uploads\/2024\/02\/Image-article-blog-1-1-768x768.png 768w, https:\/\/etvoilafle.com\/wp-content\/uploads\/2024\/02\/Image-article-blog-1-1-300x300.png 300w, https:\/\/etvoilafle.com\/wp-content\/uploads\/2024\/02\/Image-article-blog-1-1-1024x1024.png 1024w, https:\/\/etvoilafle.com\/wp-content\/uploads\/2024\/02\/Image-article-blog-1-1-150x150.png 150w, https:\/\/etvoilafle.com\/wp-content\/uploads\/2024\/02\/Image-article-blog-1-1.png 1080w\" sizes=\"(max-width: 768px) 100vw, 768px\" \/><\/div>\n\t\t<\/a>\n\t\t\t\t<div class=\"elementor-post__text\">\n\t\t\t\t<h3 class=\"elementor-post__title\">\n\t\t\t<a href=\"https:\/\/etvoilafle.com\/index.php\/2024\/02\/26\/vocabulaire-je-suis-malade-i-am-sick\/\" >\n\t\t\t\tVocabulaire : \u00ab\u00a0je suis malade\u00a0\u00bb- I am sick\t\t\t<\/a>\n\t\t<\/h3>\n\t\t\t\t<div class=\"elementor-post__meta-data\">\n\t\t\t\t\t<span class=\"elementor-post-author\">\n\t\t\tEmma - Et Voil\u00e0 !\t\t<\/span>\n\t\t\t\t<span class=\"elementor-post-date\">\n\t\t\t26 f\u00e9vrier 2024\t\t<\/span>\n\t\t\t\t<\/div>\n\t\t\t\t<div class=\"elementor-post__excerpt\">\n\t\t\t<p>Nous allons parler du vocabulaire de la maladie. Il est utile pour d\u00e9crire tes sympt\u00f4mes, aller chez le m\u00e9decin ou aider une autre personne. <\/p>\n\t\t<\/div>\n\t\t\n\t\t<a class=\"elementor-post__read-more\" href=\"https:\/\/etvoilafle.com\/index.php\/2024\/02\/26\/vocabulaire-je-suis-malade-i-am-sick\/\" aria-label=\"En savoir plus sur Vocabulaire : \u00ab\u00a0je suis malade\u00a0\u00bb- I am sick\" >\n\t\t\tLire la suite \u00bb\t\t<\/a>\n\n\t\t\t\t<\/div>\n\t\t\t\t<\/article>\n\t\t\t\t<article class=\"elementor-post elementor-grid-item post-357 post type-post status-publish format-standard has-post-thumbnail hentry category-conjugaison tag-conjugaison tag-premier-groupe tag-present-de-lindicatif tag-verbes\">\n\t\t\t\t<a class=\"elementor-post__thumbnail__link\" href=\"https:\/\/etvoilafle.com\/index.php\/2024\/02\/08\/le-present-des-verbes-du-premier-groupe-er\/\" >\n\t\t\t<div class=\"elementor-post__thumbnail\"><img decoding=\"async\" width=\"768\" height=\"768\" src=\"https:\/\/etvoilafle.com\/wp-content\/uploads\/2024\/02\/Image-article-blog--768x768.png\" class=\"attachment-medium_large size-medium_large wp-image-371\" alt=\"\" srcset=\"https:\/\/etvoilafle.com\/wp-content\/uploads\/2024\/02\/Image-article-blog--768x768.png 768w, https:\/\/etvoilafle.com\/wp-content\/uploads\/2024\/02\/Image-article-blog--300x300.png 300w, https:\/\/etvoilafle.com\/wp-content\/uploads\/2024\/02\/Image-article-blog--1024x1024.png 1024w, https:\/\/etvoilafle.com\/wp-content\/uploads\/2024\/02\/Image-article-blog--150x150.png 150w, https:\/\/etvoilafle.com\/wp-content\/uploads\/2024\/02\/Image-article-blog-.png 1080w\" sizes=\"(max-width: 768px) 100vw, 768px\" \/><\/div>\n\t\t<\/a>\n\t\t\t\t<div class=\"elementor-post__text\">\n\t\t\t\t<h3 class=\"elementor-post__title\">\n\t\t\t<a href=\"https:\/\/etvoilafle.com\/index.php\/2024\/02\/08\/le-present-des-verbes-du-premier-groupe-er\/\" >\n\t\t\t\tLes verbes du premier groupe (-er) au pr\u00e9sent de l&rsquo;indicatif\t\t\t<\/a>\n\t\t<\/h3>\n\t\t\t\t<div class=\"elementor-post__meta-data\">\n\t\t\t\t\t<span class=\"elementor-post-author\">\n\t\t\tEmma - Et Voil\u00e0 !\t\t<\/span>\n\t\t\t\t<span class=\"elementor-post-date\">\n\t\t\t8 f\u00e9vrier 2024\t\t<\/span>\n\t\t\t\t<\/div>\n\t\t\t\t<div class=\"elementor-post__excerpt\">\n\t\t\t<p>En fran\u00e7ais, on divise les verbes en 3 groupes. Les verbes du premier groupe se terminent en \u00ab\u00a0-er\u00a0\u00bb. Ce sont les verbes les plus nombreux en fran\u00e7ais : travailler, marcher, manger, jouer&#8230;<\/p>\n\t\t<\/div>\n\t\t\n\t\t<a class=\"elementor-post__read-more\" href=\"https:\/\/etvoilafle.com\/index.php\/2024\/02\/08\/le-present-des-verbes-du-premier-groupe-er\/\" aria-label=\"En savoir plus sur Les verbes du premier groupe (-er) au pr\u00e9sent de l&rsquo;indicatif\" >\n\t\t\tLire la suite \u00bb\t\t<\/a>\n\n\t\t\t\t<\/div>\n\t\t\t\t<\/article>\n\t\t\t\t<\/div>\n\t\t\n\t\t\t\t\t\t<\/div>\n\t\t\t\t<\/div>\n\t\t\t\t\t<\/div>\n\t\t\t\t<\/div>\n\t\t\t\t<\/div>\n\t\t","protected":false},"excerpt":{"rendered":"","protected":false},"author":1,"featured_media":0,"parent":0,"menu_order":0,"comment_status":"closed","ping_status":"closed","template":"","meta":{"footnotes":""},"class_list":["post-133","page","type-page","status-publish","hentry"],"yoast_head":"<!-- This site is optimized with the Yoast SEO plugin v22.0 - https:\/\/yoast.com\/wordpress\/plugins\/seo\/ -->\n<title>Blog - Et voil\u00e0 !<\/title>\n<meta name=\"robots\" content=\"index, follow, max-snippet:-1, max-image-preview:large, max-video-preview:-1\" \/>\n<link rel=\"canonical\" href=\"https:\/\/etvoilafle.com\/index.php\/blog\/\" \/>\n<meta property=\"og:locale\" content=\"fr_FR\" \/>\n<meta property=\"og:type\" content=\"article\" \/>\n<meta property=\"og:title\" content=\"Blog - Et voil\u00e0 !\" \/>\n<meta property=\"og:url\" content=\"https:\/\/etvoilafle.com\/index.php\/blog\/\" \/>\n<meta property=\"og:site_name\" content=\"Et voil\u00e0 !\" \/>\n<meta property=\"article:modified_time\" content=\"2024-02-09T07:18:34+00:00\" \/>\n<meta name=\"twitter:card\" content=\"summary_large_image\" \/>\n<script type=\"application\/ld+json\" class=\"yoast-schema-graph\">{\"@context\":\"https:\/\/schema.org\",\"@graph\":[{\"@type\":\"WebPage\",\"@id\":\"https:\/\/etvoilafle.com\/index.php\/blog\/\",\"url\":\"https:\/\/etvoilafle.com\/index.php\/blog\/\",\"name\":\"Blog - Et voil\u00e0 !\",\"isPartOf\":{\"@id\":\"https:\/\/etvoilafle.com\/#website\"},\"datePublished\":\"2023-07-16T12:00:56+00:00\",\"dateModified\":\"2024-02-09T07:18:34+00:00\",\"breadcrumb\":{\"@id\":\"https:\/\/etvoilafle.com\/index.php\/blog\/#breadcrumb\"},\"inLanguage\":\"fr-FR\",\"potentialAction\":[{\"@type\":\"ReadAction\",\"target\":[\"https:\/\/etvoilafle.com\/index.php\/blog\/\"]}]},{\"@type\":\"BreadcrumbList\",\"@id\":\"https:\/\/etvoilafle.com\/index.php\/blog\/#breadcrumb\",\"itemListElement\":[{\"@type\":\"ListItem\",\"position\":1,\"name\":\"Accueil\",\"item\":\"https:\/\/etvoilafle.com\/\"},{\"@type\":\"ListItem\",\"position\":2,\"name\":\"Blog\"}]},{\"@type\":\"WebSite\",\"@id\":\"https:\/\/etvoilafle.com\/#website\",\"url\":\"https:\/\/etvoilafle.com\/\",\"name\":\"Et voil\u00e0 !\",\"description\":\"Le fran\u00e7ais facile et fun !\",\"publisher\":{\"@id\":\"https:\/\/etvoilafle.com\/#organization\"},\"potentialAction\":[{\"@type\":\"SearchAction\",\"target\":{\"@type\":\"EntryPoint\",\"urlTemplate\":\"https:\/\/etvoilafle.com\/?s={search_term_string}\"},\"query-input\":\"required name=search_term_string\"}],\"inLanguage\":\"fr-FR\"},{\"@type\":\"Organization\",\"@id\":\"https:\/\/etvoilafle.com\/#organization\",\"name\":\"Et voil\u00e0 !\",\"url\":\"https:\/\/etvoilafle.com\/\",\"logo\":{\"@type\":\"ImageObject\",\"inLanguage\":\"fr-FR\",\"@id\":\"https:\/\/etvoilafle.com\/#\/schema\/logo\/image\/\",\"url\":\"https:\/\/etvoilafle.com\/wp-content\/uploads\/2024\/08\/cropped-Logo-Rond-TPT.png\",\"contentUrl\":\"https:\/\/etvoilafle.com\/wp-content\/uploads\/2024\/08\/cropped-Logo-Rond-TPT.png\",\"width\":512,\"height\":512,\"caption\":\"Et voil\u00e0 !\"},\"image\":{\"@id\":\"https:\/\/etvoilafle.com\/#\/schema\/logo\/image\/\"},\"sameAs\":[\"https:\/\/www.instagram.com\/etvoila.fle\/\"]}]}<\/script>\n<!-- \/ Yoast SEO plugin. -->","yoast_head_json":{"title":"Blog - Et voil\u00e0 !","robots":{"index":"index","follow":"follow","max-snippet":"max-snippet:-1","max-image-preview":"max-image-preview:large","max-video-preview":"max-video-preview:-1"},"canonical":"https:\/\/etvoilafle.com\/index.php\/blog\/","og_locale":"fr_FR","og_type":"article","og_title":"Blog - Et voil\u00e0 !","og_url":"https:\/\/etvoilafle.com\/index.php\/blog\/","og_site_name":"Et voil\u00e0 !","article_modified_time":"2024-02-09T07:18:34+00:00","twitter_card":"summary_large_image","schema":{"@context":"https:\/\/schema.org","@graph":[{"@type":"WebPage","@id":"https:\/\/etvoilafle.com\/index.php\/blog\/","url":"https:\/\/etvoilafle.com\/index.php\/blog\/","name":"Blog - Et voil\u00e0 !","isPartOf":{"@id":"https:\/\/etvoilafle.com\/#website"},"datePublished":"2023-07-16T12:00:56+00:00","dateModified":"2024-02-09T07:18:34+00:00","breadcrumb":{"@id":"https:\/\/etvoilafle.com\/index.php\/blog\/#breadcrumb"},"inLanguage":"fr-FR","potentialAction":[{"@type":"ReadAction","target":["https:\/\/etvoilafle.com\/index.php\/blog\/"]}]},{"@type":"BreadcrumbList","@id":"https:\/\/etvoilafle.com\/index.php\/blog\/#breadcrumb","itemListElement":[{"@type":"ListItem","position":1,"name":"Accueil","item":"https:\/\/etvoilafle.com\/"},{"@type":"ListItem","position":2,"name":"Blog"}]},{"@type":"WebSite","@id":"https:\/\/etvoilafle.com\/#website","url":"https:\/\/etvoilafle.com\/","name":"Et voil\u00e0 !","description":"Le fran\u00e7ais facile et fun !","publisher":{"@id":"https:\/\/etvoilafle.com\/#organization"},"potentialAction":[{"@type":"SearchAction","target":{"@type":"EntryPoint","urlTemplate":"https:\/\/etvoilafle.com\/?s={search_term_string}"},"query-input":"required name=search_term_string"}],"inLanguage":"fr-FR"},{"@type":"Organization","@id":"https:\/\/etvoilafle.com\/#organization","name":"Et voil\u00e0 !","url":"https:\/\/etvoilafle.com\/","logo":{"@type":"ImageObject","inLanguage":"fr-FR","@id":"https:\/\/etvoilafle.com\/#\/schema\/logo\/image\/","url":"https:\/\/etvoilafle.com\/wp-content\/uploads\/2024\/08\/cropped-Logo-Rond-TPT.png","contentUrl":"https:\/\/etvoilafle.com\/wp-content\/uploads\/2024\/08\/cropped-Logo-Rond-TPT.png","width":512,"height":512,"caption":"Et voil\u00e0 !"},"image":{"@id":"https:\/\/etvoilafle.com\/#\/schema\/logo\/image\/"},"sameAs":["https:\/\/www.instagram.com\/etvoila.fle\/"]}]}},"jetpack_sharing_enabled":true,"_links":{"self":[{"href":"https:\/\/etvoilafle.com\/index.php\/wp-json\/wp\/v2\/pages\/133","targetHints":{"allow":["GET"]}}],"collection":[{"href":"https:\/\/etvoilafle.com\/index.php\/wp-json\/wp\/v2\/pages"}],"about":[{"href":"https:\/\/etvoilafle.com\/index.php\/wp-json\/wp\/v2\/types\/page"}],"author":[{"embeddable":true,"href":"https:\/\/etvoilafle.com\/index.php\/wp-json\/wp\/v2\/users\/1"}],"replies":[{"embeddable":true,"href":"https:\/\/etvoilafle.com\/index.php\/wp-json\/wp\/v2\/comments?post=133"}],"version-history":[{"count":7,"href":"https:\/\/etvoilafle.com\/index.php\/wp-json\/wp\/v2\/pages\/133\/revisions"}],"predecessor-version":[{"id":380,"href":"https:\/\/etvoilafle.com\/index.php\/wp-json\/wp\/v2\/pages\/133\/revisions\/380"}],"wp:attachment":[{"href":"https:\/\/etvoilafle.com\/index.php\/wp-json\/wp\/v2\/media?parent=133"}],"curies":[{"name":"wp","href":"https:\/\/api.w.org\/{rel}","templated":true}]}}