{"id":214,"date":"2023-08-01T08:53:11","date_gmt":"2023-08-01T06:53:11","guid":{"rendered":"https:\/\/etvoilafle.com\/?page_id=214"},"modified":"2023-08-01T08:59:58","modified_gmt":"2023-08-01T06:59:58","slug":"contact","status":"publish","type":"page","link":"https:\/\/etvoilafle.com\/index.php\/contact\/","title":{"rendered":"Contact"},"content":{"rendered":"\t\t<div data-elementor-type=\"wp-page\" data-elementor-id=\"214\" class=\"elementor elementor-214\" data-elementor-post-type=\"page\">\n\t\t\t\t<div class=\"elementor-element elementor-element-8bfe597 e-flex e-con-boxed e-con e-parent\" data-id=\"8bfe597\" data-element_type=\"container\" data-e-type=\"container\">\n\t\t\t\t\t<div class=\"e-con-inner\">\n\t\t\t\t<div class=\"elementor-element elementor-element-d2665c9 elementor-widget elementor-widget-text-editor\" data-id=\"d2665c9\" data-element_type=\"widget\" data-e-type=\"widget\" data-widget_type=\"text-editor.default\">\n\t\t\t\t<div class=\"elementor-widget-container\">\n\t\t\t\t\t\t\t\t\t<p>Tu as une question, ou besoin d&rsquo;une information ? Tu veux r\u00e9server un cours de fran\u00e7ais ? Ecris un message ici ou envoie-moi un e-mail \u00e0 <b>emma@etvoilafle.com<\/b><\/p>\t\t\t\t\t\t\t\t<\/div>\n\t\t\t\t<\/div>\n\t\t\t\t<div class=\"elementor-element elementor-element-14ff5e4 elementor-button-align-stretch elementor-widget elementor-widget-form\" data-id=\"14ff5e4\" data-element_type=\"widget\" data-e-type=\"widget\" data-settings=\"{&quot;step_next_label&quot;:&quot;Suivant&quot;,&quot;step_previous_label&quot;:&quot;Pr\\u00e9c\\u00e9dent&quot;,&quot;button_width&quot;:&quot;100&quot;,&quot;step_type&quot;:&quot;number_text&quot;,&quot;step_icon_shape&quot;:&quot;circle&quot;}\" data-widget_type=\"form.default\">\n\t\t\t\t<div class=\"elementor-widget-container\">\n\t\t\t\t\t\t\t<form class=\"elementor-form\" method=\"post\" name=\"Nouveau formulaire\">\n\t\t\t<input type=\"hidden\" name=\"post_id\" value=\"214\"\/>\n\t\t\t<input type=\"hidden\" name=\"form_id\" value=\"14ff5e4\"\/>\n\t\t\t<input type=\"hidden\" name=\"referer_title\" value=\"Et voil\u00e0 !\" \/>\n\n\t\t\t\n\t\t\t<div class=\"elementor-form-fields-wrapper elementor-labels-above\">\n\t\t\t\t\t\t\t\t<div class=\"elementor-field-type-text elementor-field-group elementor-column elementor-field-group-name elementor-col-100\">\n\t\t\t\t\t\t\t\t\t\t\t\t<label for=\"form-field-name\" class=\"elementor-field-label\">\n\t\t\t\t\t\t\t\tNom\t\t\t\t\t\t\t<\/label>\n\t\t\t\t\t\t\t\t\t\t\t\t\t\t<input size=\"1\" type=\"text\" name=\"form_fields[name]\" id=\"form-field-name\" class=\"elementor-field elementor-size-sm  elementor-field-textual\" placeholder=\"Nom\">\n\t\t\t\t\t\t\t\t\t\t\t<\/div>\n\t\t\t\t\t\t\t\t<div class=\"elementor-field-type-email elementor-field-group elementor-column elementor-field-group-email elementor-col-100 elementor-field-required\">\n\t\t\t\t\t\t\t\t\t\t\t\t<label for=\"form-field-email\" class=\"elementor-field-label\">\n\t\t\t\t\t\t\t\tE-mail\t\t\t\t\t\t\t<\/label>\n\t\t\t\t\t\t\t\t\t\t\t\t\t\t<input size=\"1\" type=\"email\" name=\"form_fields[email]\" id=\"form-field-email\" class=\"elementor-field elementor-size-sm  elementor-field-textual\" placeholder=\"E-mail\" required=\"required\" aria-required=\"true\">\n\t\t\t\t\t\t\t\t\t\t\t<\/div>\n\t\t\t\t\t\t\t\t<div class=\"elementor-field-type-textarea elementor-field-group elementor-column elementor-field-group-message elementor-col-100\">\n\t\t\t\t\t\t\t\t\t\t\t\t<label for=\"form-field-message\" class=\"elementor-field-label\">\n\t\t\t\t\t\t\t\tMessage\t\t\t\t\t\t\t<\/label>\n\t\t\t\t\t\t<textarea class=\"elementor-field-textual elementor-field  elementor-size-sm\" name=\"form_fields[message]\" id=\"form-field-message\" rows=\"4\" placeholder=\"Message\"><\/textarea>\t\t\t\t<\/div>\n\t\t\t\t\t\t\t\t<div class=\"elementor-field-group elementor-column elementor-field-type-submit elementor-col-100 e-form__buttons\">\n\t\t\t\t\t<button type=\"submit\" class=\"elementor-button elementor-size-sm\">\n\t\t\t\t\t\t<span >\n\t\t\t\t\t\t\t\t\t\t\t\t\t\t\t<span class=\" elementor-button-icon\">\n\t\t\t\t\t\t\t\t\t\t\t\t\t\t\t\t\t\t\t\t\t\t\t\t\t\t<\/span>\n\t\t\t\t\t\t\t\t\t\t\t\t\t\t\t\t\t\t\t\t\t\t<span class=\"elementor-button-text\">Envoyer<\/span>\n\t\t\t\t\t\t\t\t\t\t\t\t\t<\/span>\n\t\t\t\t\t<\/button>\n\t\t\t\t<\/div>\n\t\t\t<\/div>\n\t\t<\/form>\n\t\t\t\t\t\t<\/div>\n\t\t\t\t<\/div>\n\t\t\t\t\t<\/div>\n\t\t\t\t<\/div>\n\t\t\t\t<\/div>\n\t\t","protected":false},"excerpt":{"rendered":"<p>Tu as une question, ou besoin d&rsquo;une information ? Tu veux r\u00e9server un cours de fran\u00e7ais ? Ecris un message ici ou envoie-moi un e-mail \u00e0 emma@etvoilafle.com<\/p>\n","protected":false},"author":1,"featured_media":0,"parent":0,"menu_order":0,"comment_status":"closed","ping_status":"closed","template":"","meta":{"footnotes":""},"class_list":["post-214","page","type-page","status-publish","hentry"],"yoast_head":"<!-- This site is optimized with the Yoast SEO plugin v22.0 - https:\/\/yoast.com\/wordpress\/plugins\/seo\/ -->\n<title>Contact - Et voil\u00e0 !<\/title>\n<meta name=\"robots\" content=\"index, follow, max-snippet:-1, max-image-preview:large, max-video-preview:-1\" \/>\n<link rel=\"canonical\" href=\"https:\/\/etvoilafle.com\/index.php\/contact\/\" \/>\n<meta property=\"og:locale\" content=\"fr_FR\" \/>\n<meta property=\"og:type\" content=\"article\" \/>\n<meta property=\"og:title\" content=\"Contact - Et voil\u00e0 !\" \/>\n<meta property=\"og:description\" content=\"Tu as une question, ou besoin d&rsquo;une information ? Tu veux r\u00e9server un cours de fran\u00e7ais ? Ecris un message ici ou envoie-moi un e-mail \u00e0 emma@etvoilafle.com\" \/>\n<meta property=\"og:url\" content=\"https:\/\/etvoilafle.com\/index.php\/contact\/\" \/>\n<meta property=\"og:site_name\" content=\"Et voil\u00e0 !\" \/>\n<meta property=\"article:modified_time\" content=\"2023-08-01T06:59:58+00:00\" \/>\n<meta name=\"twitter:card\" content=\"summary_large_image\" \/>\n<script type=\"application\/ld+json\" class=\"yoast-schema-graph\">{\"@context\":\"https:\/\/schema.org\",\"@graph\":[{\"@type\":\"WebPage\",\"@id\":\"https:\/\/etvoilafle.com\/index.php\/contact\/\",\"url\":\"https:\/\/etvoilafle.com\/index.php\/contact\/\",\"name\":\"Contact - Et voil\u00e0 !\",\"isPartOf\":{\"@id\":\"https:\/\/etvoilafle.com\/#website\"},\"datePublished\":\"2023-08-01T06:53:11+00:00\",\"dateModified\":\"2023-08-01T06:59:58+00:00\",\"breadcrumb\":{\"@id\":\"https:\/\/etvoilafle.com\/index.php\/contact\/#breadcrumb\"},\"inLanguage\":\"fr-FR\",\"potentialAction\":[{\"@type\":\"ReadAction\",\"target\":[\"https:\/\/etvoilafle.com\/index.php\/contact\/\"]}]},{\"@type\":\"BreadcrumbList\",\"@id\":\"https:\/\/etvoilafle.com\/index.php\/contact\/#breadcrumb\",\"itemListElement\":[{\"@type\":\"ListItem\",\"position\":1,\"name\":\"Accueil\",\"item\":\"https:\/\/etvoilafle.com\/\"},{\"@type\":\"ListItem\",\"position\":2,\"name\":\"Contact\"}]},{\"@type\":\"WebSite\",\"@id\":\"https:\/\/etvoilafle.com\/#website\",\"url\":\"https:\/\/etvoilafle.com\/\",\"name\":\"Et voil\u00e0 !\",\"description\":\"Le fran\u00e7ais facile et fun !\",\"publisher\":{\"@id\":\"https:\/\/etvoilafle.com\/#organization\"},\"potentialAction\":[{\"@type\":\"SearchAction\",\"target\":{\"@type\":\"EntryPoint\",\"urlTemplate\":\"https:\/\/etvoilafle.com\/?s={search_term_string}\"},\"query-input\":\"required name=search_term_string\"}],\"inLanguage\":\"fr-FR\"},{\"@type\":\"Organization\",\"@id\":\"https:\/\/etvoilafle.com\/#organization\",\"name\":\"Et voil\u00e0 !\",\"url\":\"https:\/\/etvoilafle.com\/\",\"logo\":{\"@type\":\"ImageObject\",\"inLanguage\":\"fr-FR\",\"@id\":\"https:\/\/etvoilafle.com\/#\/schema\/logo\/image\/\",\"url\":\"https:\/\/etvoilafle.com\/wp-content\/uploads\/2024\/08\/cropped-Logo-Rond-TPT.png\",\"contentUrl\":\"https:\/\/etvoilafle.com\/wp-content\/uploads\/2024\/08\/cropped-Logo-Rond-TPT.png\",\"width\":512,\"height\":512,\"caption\":\"Et voil\u00e0 !\"},\"image\":{\"@id\":\"https:\/\/etvoilafle.com\/#\/schema\/logo\/image\/\"},\"sameAs\":[\"https:\/\/www.instagram.com\/etvoila.fle\/\"]}]}<\/script>\n<!-- \/ Yoast SEO plugin. -->","yoast_head_json":{"title":"Contact - Et voil\u00e0 !","robots":{"index":"index","follow":"follow","max-snippet":"max-snippet:-1","max-image-preview":"max-image-preview:large","max-video-preview":"max-video-preview:-1"},"canonical":"https:\/\/etvoilafle.com\/index.php\/contact\/","og_locale":"fr_FR","og_type":"article","og_title":"Contact - Et voil\u00e0 !","og_description":"Tu as une question, ou besoin d&rsquo;une information ? Tu veux r\u00e9server un cours de fran\u00e7ais ? Ecris un message ici ou envoie-moi un e-mail \u00e0 emma@etvoilafle.com","og_url":"https:\/\/etvoilafle.com\/index.php\/contact\/","og_site_name":"Et voil\u00e0 !","article_modified_time":"2023-08-01T06:59:58+00:00","twitter_card":"summary_large_image","schema":{"@context":"https:\/\/schema.org","@graph":[{"@type":"WebPage","@id":"https:\/\/etvoilafle.com\/index.php\/contact\/","url":"https:\/\/etvoilafle.com\/index.php\/contact\/","name":"Contact - Et voil\u00e0 !","isPartOf":{"@id":"https:\/\/etvoilafle.com\/#website"},"datePublished":"2023-08-01T06:53:11+00:00","dateModified":"2023-08-01T06:59:58+00:00","breadcrumb":{"@id":"https:\/\/etvoilafle.com\/index.php\/contact\/#breadcrumb"},"inLanguage":"fr-FR","potentialAction":[{"@type":"ReadAction","target":["https:\/\/etvoilafle.com\/index.php\/contact\/"]}]},{"@type":"BreadcrumbList","@id":"https:\/\/etvoilafle.com\/index.php\/contact\/#breadcrumb","itemListElement":[{"@type":"ListItem","position":1,"name":"Accueil","item":"https:\/\/etvoilafle.com\/"},{"@type":"ListItem","position":2,"name":"Contact"}]},{"@type":"WebSite","@id":"https:\/\/etvoilafle.com\/#website","url":"https:\/\/etvoilafle.com\/","name":"Et voil\u00e0 !","description":"Le fran\u00e7ais facile et fun !","publisher":{"@id":"https:\/\/etvoilafle.com\/#organization"},"potentialAction":[{"@type":"SearchAction","target":{"@type":"EntryPoint","urlTemplate":"https:\/\/etvoilafle.com\/?s={search_term_string}"},"query-input":"required name=search_term_string"}],"inLanguage":"fr-FR"},{"@type":"Organization","@id":"https:\/\/etvoilafle.com\/#organization","name":"Et voil\u00e0 !","url":"https:\/\/etvoilafle.com\/","logo":{"@type":"ImageObject","inLanguage":"fr-FR","@id":"https:\/\/etvoilafle.com\/#\/schema\/logo\/image\/","url":"https:\/\/etvoilafle.com\/wp-content\/uploads\/2024\/08\/cropped-Logo-Rond-TPT.png","contentUrl":"https:\/\/etvoilafle.com\/wp-content\/uploads\/2024\/08\/cropped-Logo-Rond-TPT.png","width":512,"height":512,"caption":"Et voil\u00e0 !"},"image":{"@id":"https:\/\/etvoilafle.com\/#\/schema\/logo\/image\/"},"sameAs":["https:\/\/www.instagram.com\/etvoila.fle\/"]}]}},"jetpack_sharing_enabled":true,"_links":{"self":[{"href":"https:\/\/etvoilafle.com\/index.php\/wp-json\/wp\/v2\/pages\/214","targetHints":{"allow":["GET"]}}],"collection":[{"href":"https:\/\/etvoilafle.com\/index.php\/wp-json\/wp\/v2\/pages"}],"about":[{"href":"https:\/\/etvoilafle.com\/index.php\/wp-json\/wp\/v2\/types\/page"}],"author":[{"embeddable":true,"href":"https:\/\/etvoilafle.com\/index.php\/wp-json\/wp\/v2\/users\/1"}],"replies":[{"embeddable":true,"href":"https:\/\/etvoilafle.com\/index.php\/wp-json\/wp\/v2\/comments?post=214"}],"version-history":[{"count":4,"href":"https:\/\/etvoilafle.com\/index.php\/wp-json\/wp\/v2\/pages\/214\/revisions"}],"predecessor-version":[{"id":220,"href":"https:\/\/etvoilafle.com\/index.php\/wp-json\/wp\/v2\/pages\/214\/revisions\/220"}],"wp:attachment":[{"href":"https:\/\/etvoilafle.com\/index.php\/wp-json\/wp\/v2\/media?parent=214"}],"curies":[{"name":"wp","href":"https:\/\/api.w.org\/{rel}","templated":true}]}}