{"id":52,"date":"2023-07-15T17:24:54","date_gmt":"2023-07-15T15:24:54","guid":{"rendered":"https:\/\/etvoilafle.com\/?page_id=52"},"modified":"2025-02-20T17:00:32","modified_gmt":"2025-02-20T16:00:32","slug":"page-daccueil","status":"publish","type":"page","link":"https:\/\/etvoilafle.com\/","title":{"rendered":"Apprends le fran\u00e7ais avec une prof native et dipl\u00f4m\u00e9e !"},"content":{"rendered":"\t\t<div data-elementor-type=\"wp-post\" data-elementor-id=\"52\" class=\"elementor elementor-52\" data-elementor-post-type=\"page\">\n\t\t\t\t<div class=\"elementor-element elementor-element-1284111 e-flex e-con-boxed e-con e-parent\" data-id=\"1284111\" data-element_type=\"container\" data-e-type=\"container\">\n\t\t\t\t\t<div class=\"e-con-inner\">\n\t\t<div class=\"elementor-element elementor-element-da1c474 e-con-full e-flex e-con e-child\" data-id=\"da1c474\" data-element_type=\"container\" data-e-type=\"container\" data-settings=\"{&quot;background_background&quot;:&quot;classic&quot;}\">\n\t\t\t\t<div class=\"elementor-element elementor-element-bebae00 elementor-widget__width-initial elementor-widget elementor-widget-text-editor\" data-id=\"bebae00\" data-element_type=\"widget\" data-e-type=\"widget\" data-widget_type=\"text-editor.default\">\n\t\t\t\t<div class=\"elementor-widget-container\">\n\t\t\t\t\t\t\t\t\t<p>Je suis <b>Emma, <\/b>je suis <b>fran\u00e7aise !\u00a0<\/b><\/p><p>Je\u00a0suis<b> professeure de Fran\u00e7ais Langue Etrang\u00e8re (FLE)<\/b>\u00a0depuis <b>2013<\/b>.<\/p><p>J&rsquo;aide<strong> les \u00e9tudiants (A0-B2)<\/strong>\u00a0\u00e0 <strong>prendre confiance <\/strong>gr\u00e2ce \u00e0 <strong>des classes amusantes et efficaces<\/strong> !<\/p>\t\t\t\t\t\t\t\t<\/div>\n\t\t\t\t<\/div>\n\t\t\t\t<div class=\"elementor-element elementor-element-6c155df elementor-widget elementor-widget-text-editor\" data-id=\"6c155df\" data-element_type=\"widget\" data-e-type=\"widget\" data-widget_type=\"text-editor.default\">\n\t\t\t\t<div class=\"elementor-widget-container\">\n\t\t\t\t\t\t\t\t\t<p><em>I&rsquo;m <strong>Emma<\/strong> and I&rsquo;m <strong>French<\/strong> !\u00a0<\/em><em>I&rsquo;ve been<strong> a French as a Foreign Language teacher<\/strong> since <strong>2013<\/strong>.\u00a0<\/em><\/p><p><em>I help students (A0-B2) <strong>gain confidence <\/strong>through <strong>fun and efficient classes !\u00a0<\/strong><\/em><\/p>\t\t\t\t\t\t\t\t<\/div>\n\t\t\t\t<\/div>\n\t\t\t\t<\/div>\n\t\t<div class=\"elementor-element elementor-element-98f8fca e-con-full e-flex e-con e-child\" data-id=\"98f8fca\" data-element_type=\"container\" data-e-type=\"container\" data-settings=\"{&quot;background_background&quot;:&quot;classic&quot;}\">\n\t\t\t\t<div class=\"elementor-element elementor-element-9ad6fc5 elementor-widget elementor-widget-text-editor\" data-id=\"9ad6fc5\" data-element_type=\"widget\" data-e-type=\"widget\" data-widget_type=\"text-editor.default\">\n\t\t\t\t<div class=\"elementor-widget-container\">\n\t\t\t\t\t\t\t\t\t<p><strong>Je propose des cours :<br \/><\/strong><strong style=\"text-align: var(--text-align); font-size: 1rem;\">&#8211; pour d\u00e9butants et interm\u00e9diaires : <\/strong>du niveau A0 au B2 !\u00a0<span style=\"text-align: var(--text-align); font-size: 1rem;\"><br \/><\/span><strong style=\"text-align: var(--text-align); font-size: 1rem;\">&#8211; personnalis\u00e9s selon tes objectifs : <\/strong><span style=\"text-align: var(--text-align); font-size: 1rem;\">grammaire, conversation, \u00e9crit, TCF, DELF, DALF&#8230;\u00a0<br \/><\/span><strong style=\"text-align: var(--text-align); font-size: 1rem;\">&#8211; flexibles : <\/strong><span style=\"text-align: var(--text-align); font-size: 1rem;\">avec les cours en ligne, tu apprends o\u00f9 et quand tu veux, \u00e0 ton rythme !<\/span><\/p>\t\t\t\t\t\t\t\t<\/div>\n\t\t\t\t<\/div>\n\t\t\t\t<div class=\"elementor-element elementor-element-93bfe77 elementor-widget elementor-widget-text-editor\" data-id=\"93bfe77\" data-element_type=\"widget\" data-e-type=\"widget\" data-widget_type=\"text-editor.default\">\n\t\t\t\t<div class=\"elementor-widget-container\">\n\t\t\t\t\t\t\t\t\t<p style=\"text-align: center;\"><em><strong>My classes are :<br \/><\/strong><strong style=\"text-align: var(--text-align); font-size: 1rem;\">&#8211; for beginners and intermediate students : <\/strong>from A0 to B2 !\u00a0<span style=\"text-align: var(--text-align); font-size: 1rem;\"><br \/><\/span><strong style=\"text-align: var(--text-align); font-size: 1rem;\">&#8211; tailored to your goals :\u00a0 \u00a0<\/strong><span style=\"text-align: var(--text-align); font-size: 1rem;\">grammar, conversation, written French, TCF, DELF, DALF&#8230;<br \/><\/span><strong style=\"text-align: var(--text-align); font-size: 1rem;\">&#8211; flexible : <\/strong><span style=\"text-align: var(--text-align); font-size: 1rem;\">with online classes, you can study at your own rythm !\u00a0<\/span><\/em><\/p>\t\t\t\t\t\t\t\t<\/div>\n\t\t\t\t<\/div>\n\t\t\t\t<div class=\"elementor-element elementor-element-856a663 elementor-align-center elementor-widget elementor-widget-button\" data-id=\"856a663\" data-element_type=\"widget\" data-e-type=\"widget\" data-widget_type=\"button.default\">\n\t\t\t\t<div class=\"elementor-widget-container\">\n\t\t\t\t\t\t\t\t\t<div class=\"elementor-button-wrapper\">\n\t\t\t\t\t<a class=\"elementor-button elementor-button-link elementor-size-lg\" href=\"https:\/\/etvoilafle.com\/index.php\/cours-de-francais\/\">\n\t\t\t\t\t\t<span class=\"elementor-button-content-wrapper\">\n\t\t\t\t\t\t\t\t\t<span class=\"elementor-button-text\">Je r\u00e9serve mon cours d'essai !  \/ I want to book a trial class ! <\/span>\n\t\t\t\t\t<\/span>\n\t\t\t\t\t<\/a>\n\t\t\t\t<\/div>\n\t\t\t\t\t\t\t\t<\/div>\n\t\t\t\t<\/div>\n\t\t\t\t<\/div>\n\t\t\t\t\t<\/div>\n\t\t\t\t<\/div>\n\t\t<div class=\"elementor-element elementor-element-365d928 e-flex e-con-boxed e-con e-parent\" data-id=\"365d928\" data-element_type=\"container\" data-e-type=\"container\">\n\t\t\t\t\t<div class=\"e-con-inner\">\n\t\t\t\t<div class=\"elementor-element elementor-element-213a37f elementor-widget elementor-widget-image\" data-id=\"213a37f\" data-element_type=\"widget\" data-e-type=\"widget\" data-widget_type=\"image.default\">\n\t\t\t\t<div class=\"elementor-widget-container\">\n\t\t\t\t\t\t\t\t\t\t\t\t\t\t\t\t<a href=\"https:\/\/etvoilafle.com\/index.php\/blog\/\">\n\t\t\t\t\t\t\t<img fetchpriority=\"high\" decoding=\"async\" width=\"500\" height=\"500\" src=\"https:\/\/etvoilafle.com\/wp-content\/uploads\/2023\/08\/A-propos-1.png\" class=\"attachment-medium_large size-medium_large wp-image-176\" alt=\"\" srcset=\"https:\/\/etvoilafle.com\/wp-content\/uploads\/2023\/08\/A-propos-1.png 500w, https:\/\/etvoilafle.com\/wp-content\/uploads\/2023\/08\/A-propos-1-300x300.png 300w, https:\/\/etvoilafle.com\/wp-content\/uploads\/2023\/08\/A-propos-1-150x150.png 150w\" sizes=\"(max-width: 500px) 100vw, 500px\" \/>\t\t\t\t\t\t\t\t<\/a>\n\t\t\t\t\t\t\t\t\t\t\t\t\t\t\t<\/div>\n\t\t\t\t<\/div>\n\t\t\t\t<div class=\"elementor-element elementor-element-06657b2 elementor-widget elementor-widget-image\" data-id=\"06657b2\" data-element_type=\"widget\" data-e-type=\"widget\" data-widget_type=\"image.default\">\n\t\t\t\t<div class=\"elementor-widget-container\">\n\t\t\t\t\t\t\t\t\t\t\t\t\t\t\t\t<a href=\"https:\/\/etvoilafle.com\/index.php\/cours-de-francais\/\">\n\t\t\t\t\t\t\t<img decoding=\"async\" width=\"500\" height=\"500\" src=\"https:\/\/etvoilafle.com\/wp-content\/uploads\/2023\/07\/3.png\" class=\"attachment-large size-large wp-image-91\" alt=\"\" srcset=\"https:\/\/etvoilafle.com\/wp-content\/uploads\/2023\/07\/3.png 500w, https:\/\/etvoilafle.com\/wp-content\/uploads\/2023\/07\/3-300x300.png 300w, https:\/\/etvoilafle.com\/wp-content\/uploads\/2023\/07\/3-150x150.png 150w\" sizes=\"(max-width: 500px) 100vw, 500px\" \/>\t\t\t\t\t\t\t\t<\/a>\n\t\t\t\t\t\t\t\t\t\t\t\t\t\t\t<\/div>\n\t\t\t\t<\/div>\n\t\t\t\t<div class=\"elementor-element elementor-element-8c0f9b1 elementor-widget elementor-widget-image\" data-id=\"8c0f9b1\" data-element_type=\"widget\" data-e-type=\"widget\" data-widget_type=\"image.default\">\n\t\t\t\t<div class=\"elementor-widget-container\">\n\t\t\t\t\t\t\t\t\t\t\t\t\t\t\t\t<a href=\"https:\/\/etvoilafle.com\/index.php\/cadeaux\/\">\n\t\t\t\t\t\t\t<img decoding=\"async\" width=\"500\" height=\"500\" src=\"https:\/\/etvoilafle.com\/wp-content\/uploads\/2023\/07\/6.png\" class=\"attachment-large size-large wp-image-94\" alt=\"\" srcset=\"https:\/\/etvoilafle.com\/wp-content\/uploads\/2023\/07\/6.png 500w, https:\/\/etvoilafle.com\/wp-content\/uploads\/2023\/07\/6-300x300.png 300w, https:\/\/etvoilafle.com\/wp-content\/uploads\/2023\/07\/6-150x150.png 150w\" sizes=\"(max-width: 500px) 100vw, 500px\" \/>\t\t\t\t\t\t\t\t<\/a>\n\t\t\t\t\t\t\t\t\t\t\t\t\t\t\t<\/div>\n\t\t\t\t<\/div>\n\t\t\t\t\t<\/div>\n\t\t\t\t<\/div>\n\t\t<div class=\"elementor-element elementor-element-0807f10 e-flex e-con-boxed e-con e-parent\" data-id=\"0807f10\" data-element_type=\"container\" data-e-type=\"container\">\n\t\t\t\t\t<div class=\"e-con-inner\">\n\t\t\t\t<div class=\"elementor-element elementor-element-ed4cfab elementor-widget elementor-widget-image\" data-id=\"ed4cfab\" data-element_type=\"widget\" data-e-type=\"widget\" data-widget_type=\"image.default\">\n\t\t\t\t<div class=\"elementor-widget-container\">\n\t\t\t\t\t\t\t\t\t\t\t\t\t\t\t\t<a href=\"https:\/\/etvoilafle.com\/index.php\/a-propos\/\">\n\t\t\t\t\t\t\t<img loading=\"lazy\" decoding=\"async\" width=\"500\" height=\"500\" src=\"https:\/\/etvoilafle.com\/wp-content\/uploads\/2023\/07\/1.png\" class=\"attachment-large size-large wp-image-89\" alt=\"\" srcset=\"https:\/\/etvoilafle.com\/wp-content\/uploads\/2023\/07\/1.png 500w, https:\/\/etvoilafle.com\/wp-content\/uploads\/2023\/07\/1-300x300.png 300w, https:\/\/etvoilafle.com\/wp-content\/uploads\/2023\/07\/1-150x150.png 150w\" sizes=\"(max-width: 500px) 100vw, 500px\" \/>\t\t\t\t\t\t\t\t<\/a>\n\t\t\t\t\t\t\t\t\t\t\t\t\t\t\t<\/div>\n\t\t\t\t<\/div>\n\t\t\t\t<div class=\"elementor-element elementor-element-00a22ee elementor-widget elementor-widget-image\" data-id=\"00a22ee\" data-element_type=\"widget\" data-e-type=\"widget\" data-widget_type=\"image.default\">\n\t\t\t\t<div class=\"elementor-widget-container\">\n\t\t\t\t\t\t\t\t\t\t\t\t\t\t\t<img loading=\"lazy\" decoding=\"async\" width=\"500\" height=\"500\" src=\"https:\/\/etvoilafle.com\/wp-content\/uploads\/2023\/07\/A-propos.png\" class=\"attachment-large size-large wp-image-95\" alt=\"\" srcset=\"https:\/\/etvoilafle.com\/wp-content\/uploads\/2023\/07\/A-propos.png 500w, https:\/\/etvoilafle.com\/wp-content\/uploads\/2023\/07\/A-propos-300x300.png 300w, https:\/\/etvoilafle.com\/wp-content\/uploads\/2023\/07\/A-propos-150x150.png 150w\" sizes=\"(max-width: 500px) 100vw, 500px\" \/>\t\t\t\t\t\t\t\t\t\t\t\t\t\t\t<\/div>\n\t\t\t\t<\/div>\n\t\t\t\t<div class=\"elementor-element elementor-element-f985a0c elementor-widget elementor-widget-image\" data-id=\"f985a0c\" data-element_type=\"widget\" data-e-type=\"widget\" data-widget_type=\"image.default\">\n\t\t\t\t<div class=\"elementor-widget-container\">\n\t\t\t\t\t\t\t\t\t\t\t\t\t\t\t\t<a href=\"https:\/\/etvoilafle.com\/index.php\/contact\/\">\n\t\t\t\t\t\t\t<img loading=\"lazy\" decoding=\"async\" width=\"500\" height=\"500\" src=\"https:\/\/etvoilafle.com\/wp-content\/uploads\/2023\/07\/5.png\" class=\"attachment-large size-large wp-image-93\" alt=\"\" srcset=\"https:\/\/etvoilafle.com\/wp-content\/uploads\/2023\/07\/5.png 500w, https:\/\/etvoilafle.com\/wp-content\/uploads\/2023\/07\/5-300x300.png 300w, https:\/\/etvoilafle.com\/wp-content\/uploads\/2023\/07\/5-150x150.png 150w\" sizes=\"(max-width: 500px) 100vw, 500px\" \/>\t\t\t\t\t\t\t\t<\/a>\n\t\t\t\t\t\t\t\t\t\t\t\t\t\t\t<\/div>\n\t\t\t\t<\/div>\n\t\t\t\t\t<\/div>\n\t\t\t\t<\/div>\n\t\t<div class=\"elementor-element elementor-element-a90df29 e-flex e-con-boxed e-con e-parent\" data-id=\"a90df29\" data-element_type=\"container\" data-e-type=\"container\">\n\t\t\t\t\t<div class=\"e-con-inner\">\n\t\t\t\t<div class=\"elementor-element elementor-element-6717fdb elementor-widget-divider--view-line elementor-widget elementor-widget-divider\" data-id=\"6717fdb\" data-element_type=\"widget\" data-e-type=\"widget\" data-widget_type=\"divider.default\">\n\t\t\t\t<div class=\"elementor-widget-container\">\n\t\t\t\t\t\t\t<div class=\"elementor-divider\">\n\t\t\t<span class=\"elementor-divider-separator\">\n\t\t\t\t\t\t<\/span>\n\t\t<\/div>\n\t\t\t\t\t\t<\/div>\n\t\t\t\t<\/div>\n\t\t\t\t\t<\/div>\n\t\t\t\t<\/div>\n\t\t\t\t<\/div>\n\t\t","protected":false},"excerpt":{"rendered":"<p>Je suis Emma, je suis fran\u00e7aise !\u00a0 Je\u00a0suis professeure de Fran\u00e7ais Langue Etrang\u00e8re (FLE)\u00a0depuis 2013. J&rsquo;aide les \u00e9tudiants (A0-B2)\u00a0\u00e0 prendre confiance gr\u00e2ce \u00e0 des classes amusantes et efficaces ! I&rsquo;m Emma and I&rsquo;m French !\u00a0I&rsquo;ve been a French as a Foreign Language teacher since 2013.\u00a0 I help students (A0-B2) gain confidence through fun and efficient [&hellip;]<\/p>\n","protected":false},"author":1,"featured_media":0,"parent":0,"menu_order":0,"comment_status":"closed","ping_status":"closed","template":"","meta":{"footnotes":""},"class_list":["post-52","page","type-page","status-publish","hentry"],"yoast_head":"<!-- This site is optimized with the Yoast SEO plugin v22.0 - https:\/\/yoast.com\/wordpress\/plugins\/seo\/ -->\n<title>Apprends le fran\u00e7ais avec une prof native et dipl\u00f4m\u00e9e ! - Et voil\u00e0 !<\/title>\n<meta name=\"robots\" content=\"index, follow, max-snippet:-1, max-image-preview:large, max-video-preview:-1\" \/>\n<link rel=\"canonical\" href=\"https:\/\/etvoilafle.com\/\" \/>\n<meta property=\"og:locale\" content=\"fr_FR\" \/>\n<meta property=\"og:type\" content=\"article\" \/>\n<meta property=\"og:title\" content=\"Apprends le fran\u00e7ais avec une prof native et dipl\u00f4m\u00e9e ! - Et voil\u00e0 !\" \/>\n<meta property=\"og:description\" content=\"Je suis Emma, je suis fran\u00e7aise !\u00a0 Je\u00a0suis professeure de Fran\u00e7ais Langue Etrang\u00e8re (FLE)\u00a0depuis 2013. J&rsquo;aide les \u00e9tudiants (A0-B2)\u00a0\u00e0 prendre confiance gr\u00e2ce \u00e0 des classes amusantes et efficaces ! I&rsquo;m Emma and I&rsquo;m French !\u00a0I&rsquo;ve been a French as a Foreign Language teacher since 2013.\u00a0 I help students (A0-B2) gain confidence through fun and efficient [&hellip;]\" \/>\n<meta property=\"og:url\" content=\"https:\/\/etvoilafle.com\/\" \/>\n<meta property=\"og:site_name\" content=\"Et voil\u00e0 !\" \/>\n<meta property=\"article:modified_time\" content=\"2025-02-20T16:00:32+00:00\" \/>\n<meta property=\"og:image\" content=\"https:\/\/etvoilafle.com\/wp-content\/uploads\/2023\/08\/A-propos-1.png\" \/>\n<meta name=\"twitter:card\" content=\"summary_large_image\" \/>\n<meta name=\"twitter:label1\" content=\"Dur\u00e9e de lecture estim\u00e9e\" \/>\n\t<meta name=\"twitter:data1\" content=\"2 minutes\" \/>\n<script type=\"application\/ld+json\" class=\"yoast-schema-graph\">{\"@context\":\"https:\/\/schema.org\",\"@graph\":[{\"@type\":\"WebPage\",\"@id\":\"https:\/\/etvoilafle.com\/\",\"url\":\"https:\/\/etvoilafle.com\/\",\"name\":\"Apprends le fran\u00e7ais avec une prof native et dipl\u00f4m\u00e9e ! - Et voil\u00e0 !\",\"isPartOf\":{\"@id\":\"https:\/\/etvoilafle.com\/#website\"},\"datePublished\":\"2023-07-15T15:24:54+00:00\",\"dateModified\":\"2025-02-20T16:00:32+00:00\",\"breadcrumb\":{\"@id\":\"https:\/\/etvoilafle.com\/#breadcrumb\"},\"inLanguage\":\"fr-FR\",\"potentialAction\":[{\"@type\":\"ReadAction\",\"target\":[\"https:\/\/etvoilafle.com\/\"]}]},{\"@type\":\"BreadcrumbList\",\"@id\":\"https:\/\/etvoilafle.com\/#breadcrumb\",\"itemListElement\":[{\"@type\":\"ListItem\",\"position\":1,\"name\":\"Accueil\",\"item\":\"https:\/\/etvoilafle.com\/\"},{\"@type\":\"ListItem\",\"position\":2,\"name\":\"Apprends le fran\u00e7ais avec une prof native et dipl\u00f4m\u00e9e !\"}]},{\"@type\":\"WebSite\",\"@id\":\"https:\/\/etvoilafle.com\/#website\",\"url\":\"https:\/\/etvoilafle.com\/\",\"name\":\"Et voil\u00e0 !\",\"description\":\"Le fran\u00e7ais facile et fun !\",\"publisher\":{\"@id\":\"https:\/\/etvoilafle.com\/#organization\"},\"potentialAction\":[{\"@type\":\"SearchAction\",\"target\":{\"@type\":\"EntryPoint\",\"urlTemplate\":\"https:\/\/etvoilafle.com\/?s={search_term_string}\"},\"query-input\":\"required name=search_term_string\"}],\"inLanguage\":\"fr-FR\"},{\"@type\":\"Organization\",\"@id\":\"https:\/\/etvoilafle.com\/#organization\",\"name\":\"Et voil\u00e0 !\",\"url\":\"https:\/\/etvoilafle.com\/\",\"logo\":{\"@type\":\"ImageObject\",\"inLanguage\":\"fr-FR\",\"@id\":\"https:\/\/etvoilafle.com\/#\/schema\/logo\/image\/\",\"url\":\"https:\/\/etvoilafle.com\/wp-content\/uploads\/2024\/08\/cropped-Logo-Rond-TPT.png\",\"contentUrl\":\"https:\/\/etvoilafle.com\/wp-content\/uploads\/2024\/08\/cropped-Logo-Rond-TPT.png\",\"width\":512,\"height\":512,\"caption\":\"Et voil\u00e0 !\"},\"image\":{\"@id\":\"https:\/\/etvoilafle.com\/#\/schema\/logo\/image\/\"},\"sameAs\":[\"https:\/\/www.instagram.com\/etvoila.fle\/\"]}]}<\/script>\n<!-- \/ Yoast SEO plugin. -->","yoast_head_json":{"title":"Apprends le fran\u00e7ais avec une prof native et dipl\u00f4m\u00e9e ! - Et voil\u00e0 !","robots":{"index":"index","follow":"follow","max-snippet":"max-snippet:-1","max-image-preview":"max-image-preview:large","max-video-preview":"max-video-preview:-1"},"canonical":"https:\/\/etvoilafle.com\/","og_locale":"fr_FR","og_type":"article","og_title":"Apprends le fran\u00e7ais avec une prof native et dipl\u00f4m\u00e9e ! - Et voil\u00e0 !","og_description":"Je suis Emma, je suis fran\u00e7aise !\u00a0 Je\u00a0suis professeure de Fran\u00e7ais Langue Etrang\u00e8re (FLE)\u00a0depuis 2013. J&rsquo;aide les \u00e9tudiants (A0-B2)\u00a0\u00e0 prendre confiance gr\u00e2ce \u00e0 des classes amusantes et efficaces ! I&rsquo;m Emma and I&rsquo;m French !\u00a0I&rsquo;ve been a French as a Foreign Language teacher since 2013.\u00a0 I help students (A0-B2) gain confidence through fun and efficient [&hellip;]","og_url":"https:\/\/etvoilafle.com\/","og_site_name":"Et voil\u00e0 !","article_modified_time":"2025-02-20T16:00:32+00:00","og_image":[{"url":"https:\/\/etvoilafle.com\/wp-content\/uploads\/2023\/08\/A-propos-1.png"}],"twitter_card":"summary_large_image","twitter_misc":{"Dur\u00e9e de lecture estim\u00e9e":"2 minutes"},"schema":{"@context":"https:\/\/schema.org","@graph":[{"@type":"WebPage","@id":"https:\/\/etvoilafle.com\/","url":"https:\/\/etvoilafle.com\/","name":"Apprends le fran\u00e7ais avec une prof native et dipl\u00f4m\u00e9e ! - Et voil\u00e0 !","isPartOf":{"@id":"https:\/\/etvoilafle.com\/#website"},"datePublished":"2023-07-15T15:24:54+00:00","dateModified":"2025-02-20T16:00:32+00:00","breadcrumb":{"@id":"https:\/\/etvoilafle.com\/#breadcrumb"},"inLanguage":"fr-FR","potentialAction":[{"@type":"ReadAction","target":["https:\/\/etvoilafle.com\/"]}]},{"@type":"BreadcrumbList","@id":"https:\/\/etvoilafle.com\/#breadcrumb","itemListElement":[{"@type":"ListItem","position":1,"name":"Accueil","item":"https:\/\/etvoilafle.com\/"},{"@type":"ListItem","position":2,"name":"Apprends le fran\u00e7ais avec une prof native et dipl\u00f4m\u00e9e !"}]},{"@type":"WebSite","@id":"https:\/\/etvoilafle.com\/#website","url":"https:\/\/etvoilafle.com\/","name":"Et voil\u00e0 !","description":"Le fran\u00e7ais facile et fun !","publisher":{"@id":"https:\/\/etvoilafle.com\/#organization"},"potentialAction":[{"@type":"SearchAction","target":{"@type":"EntryPoint","urlTemplate":"https:\/\/etvoilafle.com\/?s={search_term_string}"},"query-input":"required name=search_term_string"}],"inLanguage":"fr-FR"},{"@type":"Organization","@id":"https:\/\/etvoilafle.com\/#organization","name":"Et voil\u00e0 !","url":"https:\/\/etvoilafle.com\/","logo":{"@type":"ImageObject","inLanguage":"fr-FR","@id":"https:\/\/etvoilafle.com\/#\/schema\/logo\/image\/","url":"https:\/\/etvoilafle.com\/wp-content\/uploads\/2024\/08\/cropped-Logo-Rond-TPT.png","contentUrl":"https:\/\/etvoilafle.com\/wp-content\/uploads\/2024\/08\/cropped-Logo-Rond-TPT.png","width":512,"height":512,"caption":"Et voil\u00e0 !"},"image":{"@id":"https:\/\/etvoilafle.com\/#\/schema\/logo\/image\/"},"sameAs":["https:\/\/www.instagram.com\/etvoila.fle\/"]}]}},"jetpack_sharing_enabled":true,"_links":{"self":[{"href":"https:\/\/etvoilafle.com\/index.php\/wp-json\/wp\/v2\/pages\/52","targetHints":{"allow":["GET"]}}],"collection":[{"href":"https:\/\/etvoilafle.com\/index.php\/wp-json\/wp\/v2\/pages"}],"about":[{"href":"https:\/\/etvoilafle.com\/index.php\/wp-json\/wp\/v2\/types\/page"}],"author":[{"embeddable":true,"href":"https:\/\/etvoilafle.com\/index.php\/wp-json\/wp\/v2\/users\/1"}],"replies":[{"embeddable":true,"href":"https:\/\/etvoilafle.com\/index.php\/wp-json\/wp\/v2\/comments?post=52"}],"version-history":[{"count":136,"href":"https:\/\/etvoilafle.com\/index.php\/wp-json\/wp\/v2\/pages\/52\/revisions"}],"predecessor-version":[{"id":412,"href":"https:\/\/etvoilafle.com\/index.php\/wp-json\/wp\/v2\/pages\/52\/revisions\/412"}],"wp:attachment":[{"href":"https:\/\/etvoilafle.com\/index.php\/wp-json\/wp\/v2\/media?parent=52"}],"curies":[{"name":"wp","href":"https:\/\/api.w.org\/{rel}","templated":true}]}}